{"id":22594,"date":"2025-02-18T08:08:14","date_gmt":"2025-02-18T08:08:14","guid":{"rendered":"https:\/\/milarahukuk.com\/ley-de-extranjeria\/"},"modified":"2025-06-13T11:17:42","modified_gmt":"2025-06-13T11:17:42","slug":"ley-de-extranjeria","status":"publish","type":"page","link":"https:\/\/milarahukuk.com\/es\/ley-de-extranjeria\/","title":{"rendered":"Ley de Extranjer\u00eda"},"content":{"rendered":"\t\t<div data-elementor-type=\"wp-page\" data-elementor-id=\"22594\" class=\"elementor elementor-22594 elementor-21223\" data-elementor-post-type=\"page\">\n\t\t\t\t\t\t<section class=\"elementor-section elementor-top-section elementor-element elementor-element-50293ea8 elementor-section-boxed elementor-section-height-default elementor-section-height-default sc_fly_static\" data-id=\"50293ea8\" data-element_type=\"section\">\n\t\t\t\t\t\t<div class=\"elementor-container elementor-column-gap-extended\">\n\t\t\t\t\t<div class=\"elementor-column elementor-col-50 elementor-top-column elementor-element elementor-element-cc3003f sc_content_align_inherit sc_layouts_column_icons_position_left sc_fly_static\" data-id=\"cc3003f\" data-element_type=\"column\">\n\t\t\t<div class=\"elementor-widget-wrap elementor-element-populated\">\n\t\t\t\t\t\t<div class=\"elementor-element elementor-element-6ff47f5 sc_height_large sc_fly_static elementor-widget elementor-widget-spacer\" data-id=\"6ff47f5\" data-element_type=\"widget\" data-widget_type=\"spacer.default\">\n\t\t\t\t<div class=\"elementor-widget-container\">\n\t\t\t\t\t\t\t<div class=\"elementor-spacer\">\n\t\t\t<div class=\"elementor-spacer-inner\"><\/div>\n\t\t<\/div>\n\t\t\t\t\t\t<\/div>\n\t\t\t\t<\/div>\n\t\t\t\t<div class=\"elementor-element elementor-element-2183f3e sc_layouts_hide_on_mobile sc_fly_static elementor-widget elementor-widget-spacer\" data-id=\"2183f3e\" data-element_type=\"widget\" data-widget_type=\"spacer.default\">\n\t\t\t\t<div class=\"elementor-widget-container\">\n\t\t\t\t\t\t\t<div class=\"elementor-spacer\">\n\t\t\t<div class=\"elementor-spacer-inner\"><\/div>\n\t\t<\/div>\n\t\t\t\t\t\t<\/div>\n\t\t\t\t<\/div>\n\t\t\t\t<div class=\"elementor-element elementor-element-284f08f0 sc_fly_static elementor-widget elementor-widget-spacer\" data-id=\"284f08f0\" data-element_type=\"widget\" data-widget_type=\"spacer.default\">\n\t\t\t\t<div class=\"elementor-widget-container\">\n\t\t\t\t\t\t\t<div class=\"elementor-spacer\">\n\t\t\t<div class=\"elementor-spacer-inner\"><\/div>\n\t\t<\/div>\n\t\t\t\t\t\t<\/div>\n\t\t\t\t<\/div>\n\t\t\t\t<div class=\"elementor-element elementor-element-15776c1a sc_fly_static elementor-widget elementor-widget-text-editor\" data-id=\"15776c1a\" data-element_type=\"widget\" data-widget_type=\"text-editor.default\">\n\t\t\t\t<div class=\"elementor-widget-container\">\n\t\t\t\t\t\t\t\t\t<h2 data-start=\"193\" data-end=\"260\">\u00bfQu\u00e9 es la Ley de Extranjer\u00eda? \u00bfCu\u00e1les son los \u00e1mbitos de aplicaci\u00f3n en Turqu\u00eda? <\/h2><p class=\"\" data-start=\"262\" data-end=\"701\">El Derecho de Extranjer\u00eda es la rama del Derecho que regula la situaci\u00f3n jur\u00eddica de los no ciudadanos de la Rep\u00fablica de Turqu\u00eda en Turqu\u00eda. En este contexto, hay muchas cuestiones que van desde los permisos de residencia y trabajo, los procedimientos de deportaci\u00f3n, los derechos de los refugiados y las solicitudes de ciudadan\u00eda. Especialmente en los \u00faltimos a\u00f1os, Turqu\u00eda se ha convertido en una parada importante en la ruta migratoria internacional, lo que ha hecho que los procesos legales en este \u00e1mbito adquieran m\u00e1s importancia.  <\/p><p class=\"\" data-start=\"703\" data-end=\"1153\">El derecho de extranjer\u00eda en Turqu\u00eda est\u00e1 regulado por la Ley n\u00ba 6458 de Extranjer\u00eda y Protecci\u00f3n Internacional, la Ley n\u00ba 5901 de Ciudadan\u00eda Turca y la normativa relacionada. En la pr\u00e1ctica, la Direcci\u00f3n de Gesti\u00f3n de la Migraci\u00f3n del Ministerio del Interior lleva a cabo estos procedimientos. Todo extranjero que llega a Turqu\u00eda est\u00e1 obligado a determinar su situaci\u00f3n legal de acuerdo con el prop\u00f3sito de su llegada. Por lo tanto, es de gran importancia trabajar con un abogado experto para la correcta ejecuci\u00f3n de los procesos legales.   <\/p><h2 class=\"\" data-start=\"1155\" data-end=\"1209\">Tipos de permisos de residencia y procesos de solicitud en Turqu\u00eda<\/h2><p class=\"\" data-start=\"1211\" data-end=\"1471\">El principal permiso que necesitan obtener los extranjeros para permanecer legalmente en Turqu\u00eda es el permiso de residencia. El permiso de residencia se divide en distintos tipos seg\u00fan la duraci\u00f3n y el prop\u00f3sito de la estancia en Turqu\u00eda: los permisos de residencia de corta duraci\u00f3n, familiar, de estudiante y de larga duraci\u00f3n son los principales. <\/p><p class=\"\" data-start=\"1473\" data-end=\"1898\"><strong data-start=\"1473\" data-end=\"1499\">El Permiso de Residencia de Corta Duraci\u00f3n<\/strong> es el tipo m\u00e1s com\u00fanmente preferido. Pueden obtenerlo los extranjeros que poseen bienes inmuebles en Turqu\u00eda, se dedican a actividades comerciales o desean permanecer mucho tiempo con fines tur\u00edsticos. Las solicitudes se realizan en l\u00ednea a trav\u00e9s de las Direcciones de Gesti\u00f3n de la Migraci\u00f3n y suelen llevarse a cabo mediante el sistema de cita previa. La presentaci\u00f3n de los documentos requeridos de forma completa y precisa es fundamental para el resultado positivo de la solicitud.   <\/p><p class=\"\" data-start=\"1900\" data-end=\"2256\">El Permiso <strong data-start=\"1900\" data-end=\"1920\">de<\/strong> Residencia <strong data-start=\"1900\" data-end=\"1920\">Familiar<\/strong> se expide a los extranjeros casados con un ciudadano turco o al c\u00f3nyuge y los hijos de un extranjero que tenga permiso de residencia en Turqu\u00eda. El <strong data-start=\"2047\" data-end=\"2070\">Permiso de Residencia de Estudiante<\/strong> es para los extranjeros que estudian en universidades de Turqu\u00eda. El <strong data-start=\"2134\" data-end=\"2160\">Permiso de Residencia de Larga Duraci\u00f3n<\/strong> se expide a los extranjeros que hayan residido legalmente en Turqu\u00eda durante al menos ocho a\u00f1os sin interrupci\u00f3n.<\/p><h2 class=\"\" data-start=\"2258\" data-end=\"2308\">Obtener un permiso de trabajo en Turqu\u00eda: Requisitos y proceso<\/h2><p class=\"\" data-start=\"2310\" data-end=\"2577\">Los extranjeros deben obtener <strong data-start=\"2368\" data-end=\"2384\">un permiso de trabajo<\/strong> para trabajar legalmente en Turqu\u00eda. El permiso de trabajo conlleva diversas obligaciones tanto para el empresario como para el extranjero. Estos permisos son evaluados y finalizados por el Ministerio de Trabajo y Seguridad Social.  <\/p><p class=\"\" data-start=\"2579\" data-end=\"2917\">La solicitud puede hacerse de dos formas: Solicitud directa desde Turqu\u00eda y solicitud consular desde el extranjero. La solicitud directa la hacen los empleadores de extranjeros que ya tienen un permiso de residencia v\u00e1lido. La solicitud consular, en cambio, la hacen los extranjeros en el extranjero tras llegar a un acuerdo con un empleador en Turqu\u00eda.  <\/p><p class=\"\" data-start=\"2919\" data-end=\"3192\">El trabajo no autorizado puede acarrear graves multas administrativas tanto para el empresario como para el trabajador extranjero. Adem\u00e1s, si se detecta trabajo ilegal, tambi\u00e9n puede aplicarse la expulsi\u00f3n. Por tanto, es una gran ventaja hacer las solicitudes con apoyo profesional.  <\/p><h2 class=\"\" data-start=\"3194\" data-end=\"3244\">Transici\u00f3n a la Ciudadan\u00eda de la Rep\u00fablica de Turqu\u00eda<\/h2><p class=\"\" data-start=\"3246\" data-end=\"3469\">Los extranjeros pueden adquirir la nacionalidad turca cuando cumplen determinadas condiciones. Este proceso puede analizarse bajo tres ep\u00edgrafes principales: <strong data-start=\"3339\" data-end=\"3359\">solicitud directa<\/strong>, <strong data-start=\"3361\" data-end=\"3392\">ciudadan\u00eda por matrimonio<\/strong> y <strong data-start=\"3396\" data-end=\"3420\">ciudadan\u00eda excepcional<\/strong>. <\/p><p class=\"\" data-start=\"3471\" data-end=\"3702\">El extranjero que desee adquirir la nacionalidad mediante <strong data-start=\"3471\" data-end=\"3491\">solicitud directa<\/strong> debe residir en Turqu\u00eda durante al menos cinco a\u00f1os ininterrumpidos, hablar turco y no suponer una amenaza para el orden y la seguridad p\u00fablicos.<\/p><p class=\"\" data-start=\"3704\" data-end=\"3919\"><strong data-start=\"3704\" data-end=\"3735\">Para obtener la nacionalidad por matrimonio<\/strong>, es necesario estar casado con un ciudadano turco durante al menos tres a\u00f1os y el matrimonio debe ser reconocido como real. Los matrimonios realizados s\u00f3lo como una formalidad pueden dar lugar al rechazo de la solicitud. <\/p><p class=\"\" data-start=\"3921\" data-end=\"4219\"><strong data-start=\"3921\" data-end=\"3945\">La ciudadan\u00eda excepcional<\/strong> se aplica a las personas que han realizado aportaciones econ\u00f3micas, culturales o cient\u00edficas a Turqu\u00eda o a los extranjeros que desean adquirir la ciudadan\u00eda mediante inversiones. En este contexto, existen criterios econ\u00f3micos como la compra de bienes inmuebles por valor de 400.000 USD o una inversi\u00f3n de capital de 500.000 USD. <\/p><h2 class=\"\" data-start=\"4221\" data-end=\"4293\">Decisiones de Deportaci\u00f3n y Prohibici\u00f3n de Entrada: Derechos legales y procedimientos de recurso<\/h2><p class=\"\" data-start=\"4295\" data-end=\"4544\">La expulsi\u00f3n de extranjeros puede aplicarse en casos que amenacen el orden p\u00fablico, la salud y la seguridad. El trabajo ilegal, la violaci\u00f3n del visado, la superaci\u00f3n de la duraci\u00f3n del permiso de residencia y la participaci\u00f3n en delitos penales pueden constituir motivos de expulsi\u00f3n. <\/p><p class=\"\" data-start=\"4546\" data-end=\"4863\">El extranjero cuya decisi\u00f3n de expulsi\u00f3n haya sido adoptada puede recurrir ante <strong data-start=\"4627\" data-end=\"4661\">el tribunal administrativo en un plazo de 7 d\u00edas<\/strong> a partir de la notificaci\u00f3n de la decisi\u00f3n. Durante este proceso, el extranjero suele permanecer <strong data-start=\"4726\" data-end=\"4754\">en Centros de Expulsi\u00f3n<\/strong>. Sin embargo, el proceso de expulsi\u00f3n suele suspenderse hasta que finalice la evaluaci\u00f3n de la solicitud.  <\/p><p class=\"\" data-start=\"4865\" data-end=\"5134\">La prohibici\u00f3n de entrada significa que el extranjero deportado no puede entrar en Turqu\u00eda durante un determinado periodo de tiempo. Este periodo suele variar entre 1 y 5 a\u00f1os. Sin embargo, si la decisi\u00f3n de expulsi\u00f3n se anula tras un recurso, tambi\u00e9n puede levantarse la prohibici\u00f3n de entrada.  <\/p><h2 class=\"\" data-start=\"5136\" data-end=\"5182\">Estatuto de refugiado y protecci\u00f3n internacional<\/h2><p class=\"\" data-start=\"5184\" data-end=\"5446\">Turqu\u00eda es uno de los pa\u00edses que aplican la limitaci\u00f3n geogr\u00e1fica. Por tanto, s\u00f3lo se puede conceder el estatuto de refugiado a los solicitantes procedentes de Europa. Los procedentes de otros pa\u00edses son evaluados bajo el estatuto de <strong data-start=\"5351\" data-end=\"5369\">refugiado condicional<\/strong>, <strong data-start=\"5371\" data-end=\"5389\">protecci\u00f3n subsidiaria<\/strong> o <strong data-start=\"5396\" data-end=\"5413\">protecci\u00f3n temporal<\/strong>.  <\/p><p class=\"\" data-start=\"5448\" data-end=\"5669\">Los ciudadanos sirios son tratados en su mayor\u00eda bajo <strong data-start=\"5481\" data-end=\"5498\">protecci\u00f3n temporal<\/strong>. Los titulares de este estatuto se registran en determinadas regiones y pueden beneficiarse de los servicios sanitarios, educativos y de alojamiento que proporciona el Estado. <\/p><p class=\"\" data-start=\"5671\" data-end=\"5924\">El proceso de solicitud de refugio es un proceso jur\u00eddico muy delicado y detallado. Aunque existen v\u00edas de recurso administrativas y judiciales en caso de que se rechace la solicitud, a menudo es vital buscar asistencia jur\u00eddica profesional para obtener un resultado favorable del proceso. <\/p><h2 class=\"\" data-start=\"5926\" data-end=\"5973\">La Importancia del Apoyo del Abogado en el Derecho de Extranjer\u00eda<\/h2><p class=\"\" data-start=\"5975\" data-end=\"6321\">Como el derecho de inmigraci\u00f3n es un campo lleno de legislaci\u00f3n que cambia con frecuencia, complejos procesos de solicitud y procedimientos administrativos, es crucial <strong data-start=\"6104\" data-end=\"6150\">contar con el apoyo de<\/strong> un <strong data-start=\"6104\" data-end=\"6150\">abogado<\/strong> experto <strong data-start=\"6104\" data-end=\"6150\">en inmigraci\u00f3n<\/strong>. La presentaci\u00f3n incorrecta de documentos, el incumplimiento de los plazos o los errores de procedimiento pueden acarrear graves consecuencias, desde la denegaci\u00f3n de la solicitud hasta la expulsi\u00f3n. <\/p><p class=\"\" data-start=\"6323\" data-end=\"6630\">Los abogados determinan la estrategia adecuada antes de la solicitud y llevan a cabo el proceso de recurso de forma eficaz en caso de que la situaci\u00f3n sea desfavorable. Para evitar la p\u00e9rdida de derechos en asuntos como la nacionalidad, el permiso de trabajo, el permiso de residencia o el estatuto de refugiado, ser\u00eda beneficioso trabajar con un bufete de abogados con experiencia en este campo. <\/p>\t\t\t\t\t\t\t\t<\/div>\n\t\t\t\t<\/div>\n\t\t\t\t\t<\/div>\n\t\t<\/div>\n\t\t\t\t<div class=\"elementor-column elementor-col-50 elementor-top-column elementor-element elementor-element-1261167 sc_content_align_inherit sc_layouts_column_icons_position_left sc_fly_static\" data-id=\"1261167\" data-element_type=\"column\">\n\t\t\t<div class=\"elementor-widget-wrap elementor-element-populated\">\n\t\t\t\t\t\t<div class=\"elementor-element elementor-element-e4ebbe3 sc_height_large sc_fly_static elementor-widget elementor-widget-spacer\" data-id=\"e4ebbe3\" data-element_type=\"widget\" data-widget_type=\"spacer.default\">\n\t\t\t\t<div class=\"elementor-widget-container\">\n\t\t\t\t\t\t\t<div class=\"elementor-spacer\">\n\t\t\t<div class=\"elementor-spacer-inner\"><\/div>\n\t\t<\/div>\n\t\t\t\t\t\t<\/div>\n\t\t\t\t<\/div>\n\t\t\t\t<div class=\"elementor-element elementor-element-bd54d4f elementor-nav-menu--dropdown-tablet elementor-nav-menu__text-align-aside elementor-nav-menu--toggle elementor-nav-menu--burger sc_fly_static elementor-widget elementor-widget-nav-menu\" data-id=\"bd54d4f\" data-element_type=\"widget\" data-settings=\"{&quot;layout&quot;:&quot;vertical&quot;,&quot;sticky&quot;:&quot;top&quot;,&quot;sticky_on&quot;:[&quot;desktop&quot;],&quot;sticky_offset&quot;:80,&quot;sticky_parent&quot;:&quot;yes&quot;,&quot;submenu_icon&quot;:{&quot;value&quot;:&quot;&lt;i class=\\&quot;fas fa-caret-down\\&quot;&gt;&lt;\\\/i&gt;&quot;,&quot;library&quot;:&quot;fa-solid&quot;},&quot;toggle&quot;:&quot;burger&quot;,&quot;sticky_effects_offset&quot;:0,&quot;sticky_anchor_link_offset&quot;:0}\" data-widget_type=\"nav-menu.default\">\n\t\t\t\t<div class=\"elementor-widget-container\">\n\t\t\t\t\t\t\t\t<nav aria-label=\"Menu\" class=\"elementor-nav-menu--main elementor-nav-menu__container elementor-nav-menu--layout-vertical e--pointer-underline e--animation-fade\">\n\t\t\t\t<ul id=\"menu-1-bd54d4f\" class=\"elementor-nav-menu sm-vertical\"><li class=\"menu-item menu-item-type-post_type menu-item-object-page menu-item-22661\"><a href=\"https:\/\/milarahukuk.com\/es\/derecho-de-familia\/\" class=\"elementor-item\">Derecho de familia<\/a><\/li><li class=\"menu-item menu-item-type-post_type menu-item-object-page menu-item-22662\"><a href=\"https:\/\/milarahukuk.com\/es\/derecho-penal\/\" class=\"elementor-item\">Derecho Penal<\/a><\/li><li class=\"menu-item menu-item-type-post_type menu-item-object-page menu-item-22663\"><a href=\"https:\/\/milarahukuk.com\/es\/derecho-de-sucesiones\/\" class=\"elementor-item\">Derecho de sucesiones<\/a><\/li><li class=\"menu-item menu-item-type-post_type menu-item-object-page menu-item-22664\"><a href=\"https:\/\/milarahukuk.com\/es\/derecho-de-sociedades\/\" class=\"elementor-item\">Derecho de sociedades<\/a><\/li><li class=\"menu-item menu-item-type-post_type menu-item-object-page menu-item-22665\"><a href=\"https:\/\/milarahukuk.com\/es\/ley-de-extranjeria\/\" class=\"elementor-item\">Ley de Extranjer\u00eda<\/a><\/li><\/ul>\t\t\t<\/nav>\n\t\t\t\t\t<div class=\"elementor-menu-toggle\" role=\"button\" tabindex=\"0\" aria-label=\"Menu Toggle\" aria-expanded=\"false\">\n\t\t\t<i aria-hidden=\"true\" role=\"presentation\" class=\"elementor-menu-toggle__icon--open eicon-menu-bar\"><\/i><i aria-hidden=\"true\" role=\"presentation\" class=\"elementor-menu-toggle__icon--close eicon-close\"><\/i>\t\t<\/div>\n\t\t\t\t\t<nav class=\"elementor-nav-menu--dropdown elementor-nav-menu__container\" aria-hidden=\"true\">\n\t\t\t\t<ul id=\"menu-2-bd54d4f\" class=\"elementor-nav-menu sm-vertical\"><li class=\"menu-item menu-item-type-post_type menu-item-object-page menu-item-22661\"><a href=\"https:\/\/milarahukuk.com\/es\/derecho-de-familia\/\" class=\"elementor-item\" tabindex=\"-1\">Derecho de familia<\/a><\/li><li class=\"menu-item menu-item-type-post_type menu-item-object-page menu-item-22662\"><a href=\"https:\/\/milarahukuk.com\/es\/derecho-penal\/\" class=\"elementor-item\" tabindex=\"-1\">Derecho Penal<\/a><\/li><li class=\"menu-item menu-item-type-post_type menu-item-object-page menu-item-22663\"><a href=\"https:\/\/milarahukuk.com\/es\/derecho-de-sucesiones\/\" class=\"elementor-item\" tabindex=\"-1\">Derecho de sucesiones<\/a><\/li><li class=\"menu-item menu-item-type-post_type menu-item-object-page menu-item-22664\"><a href=\"https:\/\/milarahukuk.com\/es\/derecho-de-sociedades\/\" class=\"elementor-item\" tabindex=\"-1\">Derecho de sociedades<\/a><\/li><li class=\"menu-item menu-item-type-post_type menu-item-object-page menu-item-22665\"><a href=\"https:\/\/milarahukuk.com\/es\/ley-de-extranjeria\/\" class=\"elementor-item\" tabindex=\"-1\">Ley de Extranjer\u00eda<\/a><\/li><\/ul>\t\t\t<\/nav>\n\t\t\t\t\t\t<\/div>\n\t\t\t\t<\/div>\n\t\t\t\t\t<\/div>\n\t\t<\/div>\n\t\t\t\t\t<\/div>\n\t\t<\/section>\n\t\t\t\t<\/div>\n\t\t","protected":false},"excerpt":{"rendered":"\u00bfQu\u00e9 es la Ley de Extranjer\u00eda? \u00bfCu\u00e1les son los \u00e1mbitos de aplicaci\u00f3n en Turqu\u00eda? El Derecho de Extranjer\u00eda es la rama del Derecho que regula la situaci\u00f3n jur\u00eddica de los&hellip;","protected":false},"author":1,"featured_media":0,"parent":0,"menu_order":0,"comment_status":"closed","ping_status":"closed","template":"","meta":{"footnotes":""},"class_list":["post-22594","page","type-page","status-publish","hentry"],"yoast_head":"<!-- This site is optimized with the Yoast SEO plugin v25.1 - https:\/\/yoast.com\/wordpress\/plugins\/seo\/ -->\n<title>Ley de Extranjer\u00eda - Edirne Abogado Extranjero - Milara Hukuk<\/title>\n<meta name=\"description\" content=\"Milara Law ofrece asesoramiento experto en asuntos de derecho de extranjer\u00eda, como permiso de residencia, solicitud de nacionalidad y procedimientos de expulsi\u00f3n en Edirne.\" \/>\n<meta name=\"robots\" content=\"index, follow, max-snippet:-1, max-image-preview:large, max-video-preview:-1\" \/>\n<link rel=\"canonical\" href=\"https:\/\/milarahukuk.com\/es\/ley-de-extranjeria\/\" \/>\n<meta property=\"og:locale\" content=\"es_ES\" \/>\n<meta property=\"og:type\" content=\"article\" \/>\n<meta property=\"og:title\" content=\"Ley de Extranjer\u00eda - Edirne Abogado Extranjero - Milara Hukuk\" \/>\n<meta property=\"og:description\" content=\"Milara Law ofrece asesoramiento experto en asuntos de derecho de extranjer\u00eda, como permiso de residencia, solicitud de nacionalidad y procedimientos de expulsi\u00f3n en Edirne.\" \/>\n<meta property=\"og:url\" content=\"https:\/\/milarahukuk.com\/es\/ley-de-extranjeria\/\" \/>\n<meta property=\"og:site_name\" content=\"Milara Hukuk\" \/>\n<meta property=\"article:modified_time\" content=\"2025-06-13T11:17:42+00:00\" \/>\n<meta name=\"twitter:card\" content=\"summary_large_image\" \/>\n<meta name=\"twitter:label1\" content=\"Tiempo de lectura\" \/>\n\t<meta name=\"twitter:data1\" content=\"6 minutos\" \/>\n<script type=\"application\/ld+json\" class=\"yoast-schema-graph\">{\"@context\":\"https:\/\/schema.org\",\"@graph\":[{\"@type\":\"WebPage\",\"@id\":\"https:\/\/milarahukuk.com\/es\/ley-de-extranjeria\/\",\"url\":\"https:\/\/milarahukuk.com\/es\/ley-de-extranjeria\/\",\"name\":\"Ley de Extranjer\u00eda - Edirne Abogado Extranjero - Milara Hukuk\",\"isPartOf\":{\"@id\":\"https:\/\/milarahukuk.com\/#website\"},\"datePublished\":\"2025-02-18T08:08:14+00:00\",\"dateModified\":\"2025-06-13T11:17:42+00:00\",\"description\":\"Milara Law ofrece asesoramiento experto en asuntos de derecho de extranjer\u00eda, como permiso de residencia, solicitud de nacionalidad y procedimientos de expulsi\u00f3n en Edirne.\",\"breadcrumb\":{\"@id\":\"https:\/\/milarahukuk.com\/es\/ley-de-extranjeria\/#breadcrumb\"},\"inLanguage\":\"es\",\"potentialAction\":[{\"@type\":\"ReadAction\",\"target\":[\"https:\/\/milarahukuk.com\/es\/ley-de-extranjeria\/\"]}]},{\"@type\":\"BreadcrumbList\",\"@id\":\"https:\/\/milarahukuk.com\/es\/ley-de-extranjeria\/#breadcrumb\",\"itemListElement\":[{\"@type\":\"ListItem\",\"position\":1,\"name\":\"Anasayfa\",\"item\":\"https:\/\/milarahukuk.com\/es\/pagina-de-inicio\/\"},{\"@type\":\"ListItem\",\"position\":2,\"name\":\"Ley de Extranjer\u00eda\"}]},{\"@type\":\"WebSite\",\"@id\":\"https:\/\/milarahukuk.com\/#website\",\"url\":\"https:\/\/milarahukuk.com\/\",\"name\":\"Avukat Esra Aslan\",\"description\":\"Edirne Avukat\",\"publisher\":{\"@id\":\"https:\/\/milarahukuk.com\/#organization\"},\"potentialAction\":[{\"@type\":\"SearchAction\",\"target\":{\"@type\":\"EntryPoint\",\"urlTemplate\":\"https:\/\/milarahukuk.com\/?s={search_term_string}\"},\"query-input\":{\"@type\":\"PropertyValueSpecification\",\"valueRequired\":true,\"valueName\":\"search_term_string\"}}],\"inLanguage\":\"es\"},{\"@type\":\"Organization\",\"@id\":\"https:\/\/milarahukuk.com\/#organization\",\"name\":\"Avukat Esra Aslan\",\"url\":\"https:\/\/milarahukuk.com\/\",\"logo\":{\"@type\":\"ImageObject\",\"inLanguage\":\"es\",\"@id\":\"https:\/\/milarahukuk.com\/#\/schema\/logo\/image\/\",\"url\":\"https:\/\/milarahukuk.com\/wp-content\/uploads\/2025\/04\/esra-aslan-logo-1.png\",\"contentUrl\":\"https:\/\/milarahukuk.com\/wp-content\/uploads\/2025\/04\/esra-aslan-logo-1.png\",\"width\":775,\"height\":276,\"caption\":\"Avukat Esra Aslan\"},\"image\":{\"@id\":\"https:\/\/milarahukuk.com\/#\/schema\/logo\/image\/\"}}]}<\/script>\n<!-- \/ Yoast SEO plugin. -->","yoast_head_json":{"title":"Ley de Extranjer\u00eda - Edirne Abogado Extranjero - Milara Hukuk","description":"Milara Law ofrece asesoramiento experto en asuntos de derecho de extranjer\u00eda, como permiso de residencia, solicitud de nacionalidad y procedimientos de expulsi\u00f3n en Edirne.","robots":{"index":"index","follow":"follow","max-snippet":"max-snippet:-1","max-image-preview":"max-image-preview:large","max-video-preview":"max-video-preview:-1"},"canonical":"https:\/\/milarahukuk.com\/es\/ley-de-extranjeria\/","og_locale":"es_ES","og_type":"article","og_title":"Ley de Extranjer\u00eda - Edirne Abogado Extranjero - Milara Hukuk","og_description":"Milara Law ofrece asesoramiento experto en asuntos de derecho de extranjer\u00eda, como permiso de residencia, solicitud de nacionalidad y procedimientos de expulsi\u00f3n en Edirne.","og_url":"https:\/\/milarahukuk.com\/es\/ley-de-extranjeria\/","og_site_name":"Milara Hukuk","article_modified_time":"2025-06-13T11:17:42+00:00","twitter_card":"summary_large_image","twitter_misc":{"Tiempo de lectura":"6 minutos"},"schema":{"@context":"https:\/\/schema.org","@graph":[{"@type":"WebPage","@id":"https:\/\/milarahukuk.com\/es\/ley-de-extranjeria\/","url":"https:\/\/milarahukuk.com\/es\/ley-de-extranjeria\/","name":"Ley de Extranjer\u00eda - Edirne Abogado Extranjero - Milara Hukuk","isPartOf":{"@id":"https:\/\/milarahukuk.com\/#website"},"datePublished":"2025-02-18T08:08:14+00:00","dateModified":"2025-06-13T11:17:42+00:00","description":"Milara Law ofrece asesoramiento experto en asuntos de derecho de extranjer\u00eda, como permiso de residencia, solicitud de nacionalidad y procedimientos de expulsi\u00f3n en Edirne.","breadcrumb":{"@id":"https:\/\/milarahukuk.com\/es\/ley-de-extranjeria\/#breadcrumb"},"inLanguage":"es","potentialAction":[{"@type":"ReadAction","target":["https:\/\/milarahukuk.com\/es\/ley-de-extranjeria\/"]}]},{"@type":"BreadcrumbList","@id":"https:\/\/milarahukuk.com\/es\/ley-de-extranjeria\/#breadcrumb","itemListElement":[{"@type":"ListItem","position":1,"name":"Anasayfa","item":"https:\/\/milarahukuk.com\/es\/pagina-de-inicio\/"},{"@type":"ListItem","position":2,"name":"Ley de Extranjer\u00eda"}]},{"@type":"WebSite","@id":"https:\/\/milarahukuk.com\/#website","url":"https:\/\/milarahukuk.com\/","name":"Avukat Esra Aslan","description":"Edirne Avukat","publisher":{"@id":"https:\/\/milarahukuk.com\/#organization"},"potentialAction":[{"@type":"SearchAction","target":{"@type":"EntryPoint","urlTemplate":"https:\/\/milarahukuk.com\/?s={search_term_string}"},"query-input":{"@type":"PropertyValueSpecification","valueRequired":true,"valueName":"search_term_string"}}],"inLanguage":"es"},{"@type":"Organization","@id":"https:\/\/milarahukuk.com\/#organization","name":"Avukat Esra Aslan","url":"https:\/\/milarahukuk.com\/","logo":{"@type":"ImageObject","inLanguage":"es","@id":"https:\/\/milarahukuk.com\/#\/schema\/logo\/image\/","url":"https:\/\/milarahukuk.com\/wp-content\/uploads\/2025\/04\/esra-aslan-logo-1.png","contentUrl":"https:\/\/milarahukuk.com\/wp-content\/uploads\/2025\/04\/esra-aslan-logo-1.png","width":775,"height":276,"caption":"Avukat Esra Aslan"},"image":{"@id":"https:\/\/milarahukuk.com\/#\/schema\/logo\/image\/"}}]}},"_links":{"self":[{"href":"https:\/\/milarahukuk.com\/es\/wp-json\/wp\/v2\/pages\/22594","targetHints":{"allow":["GET"]}}],"collection":[{"href":"https:\/\/milarahukuk.com\/es\/wp-json\/wp\/v2\/pages"}],"about":[{"href":"https:\/\/milarahukuk.com\/es\/wp-json\/wp\/v2\/types\/page"}],"author":[{"embeddable":true,"href":"https:\/\/milarahukuk.com\/es\/wp-json\/wp\/v2\/users\/1"}],"replies":[{"embeddable":true,"href":"https:\/\/milarahukuk.com\/es\/wp-json\/wp\/v2\/comments?post=22594"}],"version-history":[{"count":1,"href":"https:\/\/milarahukuk.com\/es\/wp-json\/wp\/v2\/pages\/22594\/revisions"}],"predecessor-version":[{"id":22595,"href":"https:\/\/milarahukuk.com\/es\/wp-json\/wp\/v2\/pages\/22594\/revisions\/22595"}],"wp:attachment":[{"href":"https:\/\/milarahukuk.com\/es\/wp-json\/wp\/v2\/media?parent=22594"}],"curies":[{"name":"wp","href":"https:\/\/api.w.org\/{rel}","templated":true}]}}