{"id":22564,"date":"2025-02-18T08:20:30","date_gmt":"2025-02-18T08:20:30","guid":{"rendered":"https:\/\/milarahukuk.com\/derecho-de-sucesiones\/"},"modified":"2025-06-13T11:08:32","modified_gmt":"2025-06-13T11:08:32","slug":"derecho-de-sucesiones","status":"publish","type":"page","link":"https:\/\/milarahukuk.com\/es\/derecho-de-sucesiones\/","title":{"rendered":"Derecho de sucesiones"},"content":{"rendered":"\t\t<div data-elementor-type=\"wp-page\" data-elementor-id=\"22564\" class=\"elementor elementor-22564 elementor-21237\" data-elementor-post-type=\"page\">\n\t\t\t\t\t\t<section class=\"elementor-section elementor-top-section elementor-element elementor-element-50293ea8 elementor-section-boxed elementor-section-height-default elementor-section-height-default sc_fly_static\" data-id=\"50293ea8\" data-element_type=\"section\">\n\t\t\t\t\t\t<div class=\"elementor-container elementor-column-gap-extended\">\n\t\t\t\t\t<div class=\"elementor-column elementor-col-50 elementor-top-column elementor-element elementor-element-cc3003f sc_content_align_inherit sc_layouts_column_icons_position_left sc_fly_static\" data-id=\"cc3003f\" data-element_type=\"column\">\n\t\t\t<div class=\"elementor-widget-wrap elementor-element-populated\">\n\t\t\t\t\t\t<div class=\"elementor-element elementor-element-6ff47f5 sc_height_large sc_fly_static elementor-widget elementor-widget-spacer\" data-id=\"6ff47f5\" data-element_type=\"widget\" data-widget_type=\"spacer.default\">\n\t\t\t\t<div class=\"elementor-widget-container\">\n\t\t\t\t\t\t\t<div class=\"elementor-spacer\">\n\t\t\t<div class=\"elementor-spacer-inner\"><\/div>\n\t\t<\/div>\n\t\t\t\t\t\t<\/div>\n\t\t\t\t<\/div>\n\t\t\t\t<div class=\"elementor-element elementor-element-15776c1a sc_fly_static elementor-widget elementor-widget-text-editor\" data-id=\"15776c1a\" data-element_type=\"widget\" data-widget_type=\"text-editor.default\">\n\t\t\t\t<div class=\"elementor-widget-container\">\n\t\t\t\t\t\t\t\t\t<h2 data-start=\"171\" data-end=\"230\">\u00bfQu\u00e9 es el Derecho de Sucesiones? Conceptos b\u00e1sicos y normativa legal <\/h2><p class=\"\" data-start=\"232\" data-end=\"574\">El Derecho de Sucesiones es una rama del derecho privado que regula a qui\u00e9n y c\u00f3mo pasar\u00e1n los bienes de una persona tras su muerte. Los bienes muebles e inmuebles, los derechos, las deudas y los cr\u00e9ditos dejados tras la muerte de la persona pasan a los herederos. Es muy importante que este proceso se lleve a cabo en un marco justo y legal para proteger los derechos de las partes.  <\/p><p class=\"\" data-start=\"576\" data-end=\"969\">De conformidad con las disposiciones del C\u00f3digo Civil turco n.\u00ba 4721, el derecho de sucesiones se regula en dos apartados principales: herederos legales y herederos designados. Mientras que el heredero legal se basa en la ley, el heredero designado se basa en las disposiciones testamentarias de la persona, como el testamento o el contrato sucesorio. Muchas cuestiones, como el reparto, el rechazo y la anulaci\u00f3n de la herencia, se configuran en casos de derecho privado ante los tribunales.  <\/p><h2 class=\"\" data-start=\"971\" data-end=\"1026\">\u00bfQui\u00e9nes son los herederos legales? Clasificaci\u00f3n y ratios de participaci\u00f3n <\/h2><p class=\"\" data-start=\"1028\" data-end=\"1179\">Los herederos legales reciben una parte de la herencia seg\u00fan el grado de parentesco determinado por la ley. Seg\u00fan el C\u00f3digo Civil turco, los herederos legales se clasifican en tres grupos principales: <\/p><ol data-start=\"1181\" data-end=\"1634\"><li class=\"\" data-start=\"1181\" data-end=\"1366\"><p class=\"\" data-start=\"1184\" data-end=\"1366\"><strong data-start=\"1184\" data-end=\"1201\">Primer Clan<\/strong>: Los descendientes, es decir, los hijos y nietos del fallecido. Los hijos comparten la herencia a partes iguales. Si un hijo muere, su parte pasa a sus hijos (es decir, a sus nietos).  <\/p><\/li><li class=\"\" data-start=\"1367\" data-end=\"1521\"><p class=\"\" data-start=\"1370\" data-end=\"1521\"><strong data-start=\"1370\" data-end=\"1386\">Segunda clase<\/strong>: Madre y padre y sus descendientes. Es decir, hermanos y sobrinos est\u00e1n en este grupo. Si no hay heredero en el primer grupo, entra en juego el segundo.  <\/p><\/li><li class=\"\" data-start=\"1522\" data-end=\"1634\"><p class=\"\" data-start=\"1525\" data-end=\"1634\"><strong data-start=\"1525\" data-end=\"1541\">Tercera Casta<\/strong> Abuelo, abuela y sus descendientes. Entra en vigor si no hay heredero en las categor\u00edas anteriores. <\/p><\/li><\/ol><p class=\"\" data-start=\"1636\" data-end=\"1856\">Adem\u00e1s, el c\u00f3nyuge casado puede ser heredero junto con los dem\u00e1s herederos. La parte del c\u00f3nyuge var\u00eda en funci\u00f3n de los dem\u00e1s herederos: 1\/4 si hay descendientes, 1\/2 si hay padres, 3\/4 si hay parientes m\u00e1s lejanos. Si no hay herederos, la herencia pasa al Estado.  <\/p><h2 class=\"\" data-start=\"1858\" data-end=\"1919\">\u00bfQu\u00e9 es la \u00faltima voluntad? Herederos designados y validez legal <\/h2><p class=\"\" data-start=\"1921\" data-end=\"2180\">La persona que deja una herencia puede determinar de antemano c\u00f3mo se dividir\u00e1n sus bienes redactando un <strong data-start=\"1941\" data-end=\"1956\">testamento<\/strong>. Esto significa <strong data-start=\"2031\" data-end=\"2053\">heredero designado<\/strong>. El testamento es un documento elaborado por la persona por su propia voluntad y debe cumplir los requisitos formales legales.  <\/p><p class=\"\" data-start=\"2182\" data-end=\"2210\">Hay tres tipos de testamento:<\/p><ul data-start=\"2212\" data-end=\"2552\"><li class=\"\" data-start=\"2212\" data-end=\"2309\"><p class=\"\" data-start=\"2214\" data-end=\"2309\"><strong data-start=\"2214\" data-end=\"2235\">Testamento oficial<\/strong>: Se redacta ante notario con dos testigos. Es el m\u00e9todo m\u00e1s fiable. <\/p><\/li><li class=\"\" data-start=\"2310\" data-end=\"2408\"><p class=\"\" data-start=\"2312\" data-end=\"2408\"><strong data-start=\"2312\" data-end=\"2337\">Testamento manuscrito<\/strong>: Debe estar escrito y firmado de pu\u00f1o y letra del heredero.<\/p><\/li><li class=\"\" data-start=\"2409\" data-end=\"2552\"><p class=\"\" data-start=\"2411\" data-end=\"2552\"><strong data-start=\"2411\" data-end=\"2432\">Testamento verbal<\/strong>: Puede hacerse verbalmente en situaciones extraordinarias (guerra, peligro de muerte, etc.). Debe hacerse por escrito lo antes posible. <\/p><\/li><\/ul><p class=\"\" data-start=\"2554\" data-end=\"2754\">En un testamento se pueden repartir bienes, nombrar un heredero o dejar a una persona una determinada cantidad de bienes. Un testamento se abre tras el fallecimiento y su contenido s\u00f3lo puede anularse en determinadas condiciones. <\/p><h2 class=\"\" data-start=\"2756\" data-end=\"2811\">\u00bfQu\u00e9 es la parte oculta? \u00bfQu\u00e9 herederos est\u00e1n protegidos? <\/h2><p class=\"\" data-start=\"2813\" data-end=\"3036\">Las acciones reservadas son derechos hereditarios de los herederos legales garantizados por ley. El heredero no puede distribuir toda su herencia como desee, por testamento o de otro modo, y no puede tocar los derechos de acciones reservadas de algunos de sus familiares. <\/p><p class=\"\" data-start=\"3038\" data-end=\"3071\">Los herederos con acciones reservadas son los siguientes:<\/p><ul data-start=\"3073\" data-end=\"3255\"><li class=\"\" data-start=\"3073\" data-end=\"3141\"><p class=\"\" data-start=\"3075\" data-end=\"3141\">Descendientes (hijos, nietos): la mitad de su parte legal es parte reservada.<\/p><\/li><li class=\"\" data-start=\"3142\" data-end=\"3200\"><p class=\"\" data-start=\"3144\" data-end=\"3200\">Madre y padre: una cuarta parte de su parte legal es una parte reservada.<\/p><\/li><li class=\"\" data-start=\"3201\" data-end=\"3255\"><p class=\"\" data-start=\"3203\" data-end=\"3255\">C\u00f3nyuge superviviente: las tres cuartas partes de la parte legal es la parte reservada.<\/p><\/li><\/ul><p class=\"\" data-start=\"3257\" data-end=\"3429\">Los testamentos o donaciones realizados en violaci\u00f3n de la cuota reservada pueden ser anulados. En tales violaciones, los herederos con parte reservada pueden recuperar sus derechos presentando <strong data-start=\"3380\" data-end=\"3397\">una demanda de equiparaci\u00f3n<\/strong>. <\/p><h2 class=\"\" data-start=\"3431\" data-end=\"3479\">Rechazo de Herencia: \u00bfEs posible evitar las deudas?<\/h2><p class=\"\" data-start=\"3481\" data-end=\"3747\">La herencia no s\u00f3lo incluye bienes, sino tambi\u00e9n deudas. Si el heredero tiene demasiadas deudas, puede librarse de estas obligaciones <strong data-start=\"3571\" data-end=\"3588\">rechazando la herencia<\/strong>. Este proceso se lleva a cabo mediante una declaraci\u00f3n escrita ante el juzgado de paz civil <strong data-start=\"3666\" data-end=\"3681\">en el plazo de 3 meses<\/strong> desde la fecha del fallecimiento.  <\/p><p class=\"\" data-start=\"3749\" data-end=\"4014\">Si se rechaza la herencia, se considera que el heredero nunca ha sido heredero desde el principio. Sin embargo, en algunos casos, la herencia se considera autom\u00e1ticamente rechazada. Por ejemplo: Si el heredero declara expl\u00edcitamente su rechazo o si todos los herederos lo rechazan, la herencia pasa al tesoro p\u00fablico.  <\/p><p class=\"\" data-start=\"4016\" data-end=\"4202\">El rechazo de una herencia es un proceso complejo; una declaraci\u00f3n incorrecta o tard\u00eda puede suponer la aceptaci\u00f3n de la herencia con deudas. Por tanto, se recomienda buscar el apoyo de un <strong data-start=\"4155\" data-end=\"4176\">abogado especializado en herencias<\/strong>. <\/p><h2 class=\"\" data-start=\"4204\" data-end=\"4262\">Declaraci\u00f3n de Herencia (Certificado de Herencia) y Reparto de Herencia<\/h2><p class=\"\" data-start=\"4264\" data-end=\"4509\">El primer paso para repartir la herencia es obtener <strong data-start=\"4304\" data-end=\"4321\">un certificado<\/strong> <strong data-start=\"4328\" data-end=\"4350\">de herencia<\/strong>, es decir, un <strong data-start=\"4328\" data-end=\"4350\">certificado sucesorio<\/strong>. Este documento muestra qui\u00e9n es el heredero y qu\u00e9 proporci\u00f3n de derechos hereditarios tiene. Se puede obtener en los notarios o en el juzgado de paz civil.  <\/p><p class=\"\" data-start=\"4511\" data-end=\"4782\">Si hay acuerdo entre los herederos, <strong data-start=\"4552\" data-end=\"4569\">la divisi\u00f3n de la herencia<\/strong> puede hacerse ante notario. Si no hay acuerdo, la <strong data-start=\"4614\" data-end=\"4655\">divisi\u00f3n<\/strong> de la herencia se solicita mediante una demanda judicial. Los bienes inmuebles pueden ponerse a la venta y el precio puede dividirse de esta forma.  <\/p><p class=\"\" data-start=\"4784\" data-end=\"4954\">Tras la divisi\u00f3n, cada heredero puede disponer por s\u00ed solo de los bienes que le correspondan. Sin embargo, por lo general no es posible vender, transferir o hipotecar los bienes sin repartirlos. <\/p><h2 class=\"\" data-start=\"4956\" data-end=\"5018\">El papel del abogado en el derecho de sucesiones y la importancia del asesoramiento jur\u00eddico<\/h2><p class=\"\" data-start=\"5020\" data-end=\"5261\">Los casos de herencia pueden ser procesos complejos y emotivos, sobre todo por disputas familiares. Situaciones como el incumplimiento de la parte reservada, la anulaci\u00f3n de un testamento, la denegaci\u00f3n de la herencia o las disputas por el reparto requieren conocimientos jur\u00eddicos y experiencia. <\/p><p class=\"\" data-start=\"5263\" data-end=\"5517\">En estos casos, un <strong data-start=\"5301\" data-end=\"5325\">abogado<\/strong> experto <strong data-start=\"5301\" data-end=\"5325\">en derecho de sucesiones<\/strong> gestiona el proceso de principio a fin para evitar la p\u00e9rdida de derechos. Contribuye al reparto justo y r\u00e1pido de la herencia, tanto por v\u00eda judicial como mediante la reconciliaci\u00f3n entre las partes. <\/p><p class=\"\" data-start=\"5519\" data-end=\"5720\">Un peque\u00f1o error en los procesos legales relacionados con la herencia puede provocar procesos judiciales que pueden durar a\u00f1os y causar grandes p\u00e9rdidas econ\u00f3micas. Por lo tanto, es sumamente importante obtener apoyo jur\u00eddico en todas las fases. <\/p>\t\t\t\t\t\t\t\t<\/div>\n\t\t\t\t<\/div>\n\t\t\t\t<div class=\"elementor-element elementor-element-2183f3e sc_layouts_hide_on_mobile sc_fly_static elementor-widget elementor-widget-spacer\" data-id=\"2183f3e\" data-element_type=\"widget\" data-widget_type=\"spacer.default\">\n\t\t\t\t<div class=\"elementor-widget-container\">\n\t\t\t\t\t\t\t<div class=\"elementor-spacer\">\n\t\t\t<div class=\"elementor-spacer-inner\"><\/div>\n\t\t<\/div>\n\t\t\t\t\t\t<\/div>\n\t\t\t\t<\/div>\n\t\t\t\t<div class=\"elementor-element elementor-element-284f08f0 sc_fly_static elementor-widget elementor-widget-spacer\" data-id=\"284f08f0\" data-element_type=\"widget\" data-widget_type=\"spacer.default\">\n\t\t\t\t<div class=\"elementor-widget-container\">\n\t\t\t\t\t\t\t<div class=\"elementor-spacer\">\n\t\t\t<div class=\"elementor-spacer-inner\"><\/div>\n\t\t<\/div>\n\t\t\t\t\t\t<\/div>\n\t\t\t\t<\/div>\n\t\t\t\t\t<\/div>\n\t\t<\/div>\n\t\t\t\t<div class=\"elementor-column elementor-col-50 elementor-top-column elementor-element elementor-element-1261167 sc_content_align_inherit sc_layouts_column_icons_position_left sc_fly_static\" data-id=\"1261167\" data-element_type=\"column\">\n\t\t\t<div class=\"elementor-widget-wrap elementor-element-populated\">\n\t\t\t\t\t\t<div class=\"elementor-element elementor-element-e4ebbe3 sc_height_large sc_fly_static elementor-widget elementor-widget-spacer\" data-id=\"e4ebbe3\" data-element_type=\"widget\" data-widget_type=\"spacer.default\">\n\t\t\t\t<div class=\"elementor-widget-container\">\n\t\t\t\t\t\t\t<div class=\"elementor-spacer\">\n\t\t\t<div class=\"elementor-spacer-inner\"><\/div>\n\t\t<\/div>\n\t\t\t\t\t\t<\/div>\n\t\t\t\t<\/div>\n\t\t\t\t<div class=\"elementor-element elementor-element-bd54d4f elementor-nav-menu--dropdown-tablet elementor-nav-menu__text-align-aside elementor-nav-menu--toggle elementor-nav-menu--burger sc_fly_static elementor-widget elementor-widget-nav-menu\" data-id=\"bd54d4f\" data-element_type=\"widget\" data-settings=\"{&quot;layout&quot;:&quot;vertical&quot;,&quot;sticky&quot;:&quot;top&quot;,&quot;sticky_on&quot;:[&quot;desktop&quot;],&quot;sticky_offset&quot;:80,&quot;sticky_parent&quot;:&quot;yes&quot;,&quot;submenu_icon&quot;:{&quot;value&quot;:&quot;&lt;i class=\\&quot;fas fa-caret-down\\&quot;&gt;&lt;\\\/i&gt;&quot;,&quot;library&quot;:&quot;fa-solid&quot;},&quot;toggle&quot;:&quot;burger&quot;,&quot;sticky_effects_offset&quot;:0,&quot;sticky_anchor_link_offset&quot;:0}\" data-widget_type=\"nav-menu.default\">\n\t\t\t\t<div class=\"elementor-widget-container\">\n\t\t\t\t\t\t\t\t<nav aria-label=\"Menu\" class=\"elementor-nav-menu--main elementor-nav-menu__container elementor-nav-menu--layout-vertical e--pointer-underline e--animation-fade\">\n\t\t\t\t<ul id=\"menu-1-bd54d4f\" class=\"elementor-nav-menu sm-vertical\"><li class=\"menu-item menu-item-type-post_type menu-item-object-page menu-item-22661\"><a href=\"https:\/\/milarahukuk.com\/es\/derecho-de-familia\/\" class=\"elementor-item\">Derecho de familia<\/a><\/li><li class=\"menu-item menu-item-type-post_type menu-item-object-page menu-item-22662\"><a href=\"https:\/\/milarahukuk.com\/es\/derecho-penal\/\" class=\"elementor-item\">Derecho Penal<\/a><\/li><li class=\"menu-item menu-item-type-post_type menu-item-object-page menu-item-22663\"><a href=\"https:\/\/milarahukuk.com\/es\/derecho-de-sucesiones\/\" class=\"elementor-item\">Derecho de sucesiones<\/a><\/li><li class=\"menu-item menu-item-type-post_type menu-item-object-page menu-item-22664\"><a href=\"https:\/\/milarahukuk.com\/es\/derecho-de-sociedades\/\" class=\"elementor-item\">Derecho de sociedades<\/a><\/li><li class=\"menu-item menu-item-type-post_type menu-item-object-page menu-item-22665\"><a href=\"https:\/\/milarahukuk.com\/es\/ley-de-extranjeria\/\" class=\"elementor-item\">Ley de Extranjer\u00eda<\/a><\/li><\/ul>\t\t\t<\/nav>\n\t\t\t\t\t<div class=\"elementor-menu-toggle\" role=\"button\" tabindex=\"0\" aria-label=\"Menu Toggle\" aria-expanded=\"false\">\n\t\t\t<i aria-hidden=\"true\" role=\"presentation\" class=\"elementor-menu-toggle__icon--open eicon-menu-bar\"><\/i><i aria-hidden=\"true\" role=\"presentation\" class=\"elementor-menu-toggle__icon--close eicon-close\"><\/i>\t\t<\/div>\n\t\t\t\t\t<nav class=\"elementor-nav-menu--dropdown elementor-nav-menu__container\" aria-hidden=\"true\">\n\t\t\t\t<ul id=\"menu-2-bd54d4f\" class=\"elementor-nav-menu sm-vertical\"><li class=\"menu-item menu-item-type-post_type menu-item-object-page menu-item-22661\"><a href=\"https:\/\/milarahukuk.com\/es\/derecho-de-familia\/\" class=\"elementor-item\" tabindex=\"-1\">Derecho de familia<\/a><\/li><li class=\"menu-item menu-item-type-post_type menu-item-object-page menu-item-22662\"><a href=\"https:\/\/milarahukuk.com\/es\/derecho-penal\/\" class=\"elementor-item\" tabindex=\"-1\">Derecho Penal<\/a><\/li><li class=\"menu-item menu-item-type-post_type menu-item-object-page menu-item-22663\"><a href=\"https:\/\/milarahukuk.com\/es\/derecho-de-sucesiones\/\" class=\"elementor-item\" tabindex=\"-1\">Derecho de sucesiones<\/a><\/li><li class=\"menu-item menu-item-type-post_type menu-item-object-page menu-item-22664\"><a href=\"https:\/\/milarahukuk.com\/es\/derecho-de-sociedades\/\" class=\"elementor-item\" tabindex=\"-1\">Derecho de sociedades<\/a><\/li><li class=\"menu-item menu-item-type-post_type menu-item-object-page menu-item-22665\"><a href=\"https:\/\/milarahukuk.com\/es\/ley-de-extranjeria\/\" class=\"elementor-item\" tabindex=\"-1\">Ley de Extranjer\u00eda<\/a><\/li><\/ul>\t\t\t<\/nav>\n\t\t\t\t\t\t<\/div>\n\t\t\t\t<\/div>\n\t\t\t\t\t<\/div>\n\t\t<\/div>\n\t\t\t\t\t<\/div>\n\t\t<\/section>\n\t\t\t\t<\/div>\n\t\t","protected":false},"excerpt":{"rendered":"\u00bfQu\u00e9 es el Derecho de Sucesiones? Conceptos b\u00e1sicos y normativa legal El Derecho de Sucesiones es una rama del derecho privado que regula a qui\u00e9n y c\u00f3mo pasar\u00e1n los bienes&hellip;","protected":false},"author":1,"featured_media":0,"parent":0,"menu_order":0,"comment_status":"closed","ping_status":"closed","template":"","meta":{"footnotes":""},"class_list":["post-22564","page","type-page","status-publish","hentry"],"yoast_head":"<!-- This site is optimized with the Yoast SEO plugin v25.1 - https:\/\/yoast.com\/wordpress\/plugins\/seo\/ -->\n<title>Derecho de sucesiones - Abogado de herencias Edirne - Milara Hukuk<\/title>\n<meta name=\"description\" content=\"Milara Law ofrece servicios jur\u00eddicos expertos en reparto de herencias, preparaci\u00f3n de testamentos y casos de herencias en Edirne.\" \/>\n<meta name=\"robots\" content=\"index, follow, max-snippet:-1, max-image-preview:large, max-video-preview:-1\" \/>\n<link rel=\"canonical\" href=\"https:\/\/milarahukuk.com\/es\/derecho-de-sucesiones\/\" \/>\n<meta property=\"og:locale\" content=\"es_ES\" \/>\n<meta property=\"og:type\" content=\"article\" \/>\n<meta property=\"og:title\" content=\"Derecho de sucesiones - Abogado de herencias Edirne - Milara Hukuk\" \/>\n<meta property=\"og:description\" content=\"Milara Law ofrece servicios jur\u00eddicos expertos en reparto de herencias, preparaci\u00f3n de testamentos y casos de herencias en Edirne.\" \/>\n<meta property=\"og:url\" content=\"https:\/\/milarahukuk.com\/es\/derecho-de-sucesiones\/\" \/>\n<meta property=\"og:site_name\" content=\"Milara Hukuk\" \/>\n<meta property=\"article:modified_time\" content=\"2025-06-13T11:08:32+00:00\" \/>\n<meta name=\"twitter:card\" content=\"summary_large_image\" \/>\n<meta name=\"twitter:label1\" content=\"Tiempo de lectura\" \/>\n\t<meta name=\"twitter:data1\" content=\"5 minutos\" \/>\n<script type=\"application\/ld+json\" class=\"yoast-schema-graph\">{\"@context\":\"https:\/\/schema.org\",\"@graph\":[{\"@type\":\"WebPage\",\"@id\":\"https:\/\/milarahukuk.com\/es\/derecho-de-sucesiones\/\",\"url\":\"https:\/\/milarahukuk.com\/es\/derecho-de-sucesiones\/\",\"name\":\"Derecho de sucesiones - Abogado de herencias Edirne - Milara Hukuk\",\"isPartOf\":{\"@id\":\"https:\/\/milarahukuk.com\/#website\"},\"datePublished\":\"2025-02-18T08:20:30+00:00\",\"dateModified\":\"2025-06-13T11:08:32+00:00\",\"description\":\"Milara Law ofrece servicios jur\u00eddicos expertos en reparto de herencias, preparaci\u00f3n de testamentos y casos de herencias en Edirne.\",\"breadcrumb\":{\"@id\":\"https:\/\/milarahukuk.com\/es\/derecho-de-sucesiones\/#breadcrumb\"},\"inLanguage\":\"es\",\"potentialAction\":[{\"@type\":\"ReadAction\",\"target\":[\"https:\/\/milarahukuk.com\/es\/derecho-de-sucesiones\/\"]}]},{\"@type\":\"BreadcrumbList\",\"@id\":\"https:\/\/milarahukuk.com\/es\/derecho-de-sucesiones\/#breadcrumb\",\"itemListElement\":[{\"@type\":\"ListItem\",\"position\":1,\"name\":\"Anasayfa\",\"item\":\"https:\/\/milarahukuk.com\/es\/pagina-de-inicio\/\"},{\"@type\":\"ListItem\",\"position\":2,\"name\":\"Derecho de sucesiones\"}]},{\"@type\":\"WebSite\",\"@id\":\"https:\/\/milarahukuk.com\/#website\",\"url\":\"https:\/\/milarahukuk.com\/\",\"name\":\"Avukat Esra Aslan\",\"description\":\"Edirne Avukat\",\"publisher\":{\"@id\":\"https:\/\/milarahukuk.com\/#organization\"},\"potentialAction\":[{\"@type\":\"SearchAction\",\"target\":{\"@type\":\"EntryPoint\",\"urlTemplate\":\"https:\/\/milarahukuk.com\/?s={search_term_string}\"},\"query-input\":{\"@type\":\"PropertyValueSpecification\",\"valueRequired\":true,\"valueName\":\"search_term_string\"}}],\"inLanguage\":\"es\"},{\"@type\":\"Organization\",\"@id\":\"https:\/\/milarahukuk.com\/#organization\",\"name\":\"Avukat Esra Aslan\",\"url\":\"https:\/\/milarahukuk.com\/\",\"logo\":{\"@type\":\"ImageObject\",\"inLanguage\":\"es\",\"@id\":\"https:\/\/milarahukuk.com\/#\/schema\/logo\/image\/\",\"url\":\"https:\/\/milarahukuk.com\/wp-content\/uploads\/2025\/04\/esra-aslan-logo-1.png\",\"contentUrl\":\"https:\/\/milarahukuk.com\/wp-content\/uploads\/2025\/04\/esra-aslan-logo-1.png\",\"width\":775,\"height\":276,\"caption\":\"Avukat Esra Aslan\"},\"image\":{\"@id\":\"https:\/\/milarahukuk.com\/#\/schema\/logo\/image\/\"}}]}<\/script>\n<!-- \/ Yoast SEO plugin. -->","yoast_head_json":{"title":"Derecho de sucesiones - Abogado de herencias Edirne - Milara Hukuk","description":"Milara Law ofrece servicios jur\u00eddicos expertos en reparto de herencias, preparaci\u00f3n de testamentos y casos de herencias en Edirne.","robots":{"index":"index","follow":"follow","max-snippet":"max-snippet:-1","max-image-preview":"max-image-preview:large","max-video-preview":"max-video-preview:-1"},"canonical":"https:\/\/milarahukuk.com\/es\/derecho-de-sucesiones\/","og_locale":"es_ES","og_type":"article","og_title":"Derecho de sucesiones - Abogado de herencias Edirne - Milara Hukuk","og_description":"Milara Law ofrece servicios jur\u00eddicos expertos en reparto de herencias, preparaci\u00f3n de testamentos y casos de herencias en Edirne.","og_url":"https:\/\/milarahukuk.com\/es\/derecho-de-sucesiones\/","og_site_name":"Milara Hukuk","article_modified_time":"2025-06-13T11:08:32+00:00","twitter_card":"summary_large_image","twitter_misc":{"Tiempo de lectura":"5 minutos"},"schema":{"@context":"https:\/\/schema.org","@graph":[{"@type":"WebPage","@id":"https:\/\/milarahukuk.com\/es\/derecho-de-sucesiones\/","url":"https:\/\/milarahukuk.com\/es\/derecho-de-sucesiones\/","name":"Derecho de sucesiones - Abogado de herencias Edirne - Milara Hukuk","isPartOf":{"@id":"https:\/\/milarahukuk.com\/#website"},"datePublished":"2025-02-18T08:20:30+00:00","dateModified":"2025-06-13T11:08:32+00:00","description":"Milara Law ofrece servicios jur\u00eddicos expertos en reparto de herencias, preparaci\u00f3n de testamentos y casos de herencias en Edirne.","breadcrumb":{"@id":"https:\/\/milarahukuk.com\/es\/derecho-de-sucesiones\/#breadcrumb"},"inLanguage":"es","potentialAction":[{"@type":"ReadAction","target":["https:\/\/milarahukuk.com\/es\/derecho-de-sucesiones\/"]}]},{"@type":"BreadcrumbList","@id":"https:\/\/milarahukuk.com\/es\/derecho-de-sucesiones\/#breadcrumb","itemListElement":[{"@type":"ListItem","position":1,"name":"Anasayfa","item":"https:\/\/milarahukuk.com\/es\/pagina-de-inicio\/"},{"@type":"ListItem","position":2,"name":"Derecho de sucesiones"}]},{"@type":"WebSite","@id":"https:\/\/milarahukuk.com\/#website","url":"https:\/\/milarahukuk.com\/","name":"Avukat Esra Aslan","description":"Edirne Avukat","publisher":{"@id":"https:\/\/milarahukuk.com\/#organization"},"potentialAction":[{"@type":"SearchAction","target":{"@type":"EntryPoint","urlTemplate":"https:\/\/milarahukuk.com\/?s={search_term_string}"},"query-input":{"@type":"PropertyValueSpecification","valueRequired":true,"valueName":"search_term_string"}}],"inLanguage":"es"},{"@type":"Organization","@id":"https:\/\/milarahukuk.com\/#organization","name":"Avukat Esra Aslan","url":"https:\/\/milarahukuk.com\/","logo":{"@type":"ImageObject","inLanguage":"es","@id":"https:\/\/milarahukuk.com\/#\/schema\/logo\/image\/","url":"https:\/\/milarahukuk.com\/wp-content\/uploads\/2025\/04\/esra-aslan-logo-1.png","contentUrl":"https:\/\/milarahukuk.com\/wp-content\/uploads\/2025\/04\/esra-aslan-logo-1.png","width":775,"height":276,"caption":"Avukat Esra Aslan"},"image":{"@id":"https:\/\/milarahukuk.com\/#\/schema\/logo\/image\/"}}]}},"_links":{"self":[{"href":"https:\/\/milarahukuk.com\/es\/wp-json\/wp\/v2\/pages\/22564","targetHints":{"allow":["GET"]}}],"collection":[{"href":"https:\/\/milarahukuk.com\/es\/wp-json\/wp\/v2\/pages"}],"about":[{"href":"https:\/\/milarahukuk.com\/es\/wp-json\/wp\/v2\/types\/page"}],"author":[{"embeddable":true,"href":"https:\/\/milarahukuk.com\/es\/wp-json\/wp\/v2\/users\/1"}],"replies":[{"embeddable":true,"href":"https:\/\/milarahukuk.com\/es\/wp-json\/wp\/v2\/comments?post=22564"}],"version-history":[{"count":1,"href":"https:\/\/milarahukuk.com\/es\/wp-json\/wp\/v2\/pages\/22564\/revisions"}],"predecessor-version":[{"id":22565,"href":"https:\/\/milarahukuk.com\/es\/wp-json\/wp\/v2\/pages\/22564\/revisions\/22565"}],"wp:attachment":[{"href":"https:\/\/milarahukuk.com\/es\/wp-json\/wp\/v2\/media?parent=22564"}],"curies":[{"name":"wp","href":"https:\/\/api.w.org\/{rel}","templated":true}]}}