{"id":22544,"date":"2021-07-22T13:20:35","date_gmt":"2021-07-22T13:20:35","guid":{"rendered":"https:\/\/milarahukuk.com\/quienes-somos\/"},"modified":"2025-06-13T11:02:39","modified_gmt":"2025-06-13T11:02:39","slug":"quienes-somos","status":"publish","type":"page","link":"https:\/\/milarahukuk.com\/es\/quienes-somos\/","title":{"rendered":"Qui\u00e9nes somos"},"content":{"rendered":"\t\t<div data-elementor-type=\"wp-page\" data-elementor-id=\"22544\" class=\"elementor elementor-22544 elementor-17053\" data-elementor-post-type=\"page\">\n\t\t\t\t\t\t<section class=\"elementor-section elementor-top-section elementor-element elementor-element-40bcb8d elementor-section-boxed elementor-section-height-default elementor-section-height-default sc_fly_static\" data-id=\"40bcb8d\" data-element_type=\"section\" data-settings=\"{&quot;background_background&quot;:&quot;classic&quot;}\">\n\t\t\t\t\t\t\t<div class=\"elementor-background-overlay\"><\/div>\n\t\t\t\t\t\t\t<div class=\"elementor-container elementor-column-gap-extended\">\n\t\t\t\t\t<div class=\"elementor-column elementor-col-100 elementor-top-column elementor-element elementor-element-637e497 sc_content_align_inherit sc_layouts_column_icons_position_left sc_fly_static\" data-id=\"637e497\" data-element_type=\"column\">\n\t\t\t<div class=\"elementor-widget-wrap elementor-element-populated\">\n\t\t\t\t\t\t<div class=\"elementor-element elementor-element-db01001 sc_height_huge sc_fly_static elementor-widget elementor-widget-spacer\" data-id=\"db01001\" data-element_type=\"widget\" data-widget_type=\"spacer.default\">\n\t\t\t\t<div class=\"elementor-widget-container\">\n\t\t\t\t\t\t\t<div class=\"elementor-spacer\">\n\t\t\t<div class=\"elementor-spacer-inner\"><\/div>\n\t\t<\/div>\n\t\t\t\t\t\t<\/div>\n\t\t\t\t<\/div>\n\t\t\t\t\t<\/div>\n\t\t<\/div>\n\t\t\t\t\t<\/div>\n\t\t<\/section>\n\t\t\t\t<section class=\"elementor-section elementor-top-section elementor-element elementor-element-d8d17ea elementor-section-boxed elementor-section-height-default elementor-section-height-default sc_fly_static\" data-id=\"d8d17ea\" data-element_type=\"section\">\n\t\t\t\t\t\t<div class=\"elementor-container elementor-column-gap-wider\">\n\t\t\t\t\t<div class=\"elementor-column elementor-col-50 elementor-top-column elementor-element elementor-element-c4326ff sc_content_align_inherit sc_layouts_column_icons_position_left sc_fly_static\" data-id=\"c4326ff\" data-element_type=\"column\">\n\t\t\t<div class=\"elementor-widget-wrap elementor-element-populated\">\n\t\t\t\t\t\t<div class=\"elementor-element elementor-element-1b9fe08 sc_fly_static elementor-widget elementor-widget-image\" data-id=\"1b9fe08\" data-element_type=\"widget\" data-widget_type=\"image.default\">\n\t\t\t\t<div class=\"elementor-widget-container\">\n\t\t\t\t\t\t\t\t\t\t\t\t\t\t\t<img fetchpriority=\"high\" decoding=\"async\" width=\"1920\" height=\"1280\" src=\"https:\/\/milarahukuk.com\/wp-content\/uploads\/2025\/02\/atakan-ayhan-hakkimizda-img.jpg\" class=\"attachment-full size-full wp-image-22354\" alt=\"\" srcset=\"https:\/\/milarahukuk.com\/wp-content\/uploads\/2025\/02\/atakan-ayhan-hakkimizda-img.jpg 1920w, https:\/\/milarahukuk.com\/wp-content\/uploads\/2025\/02\/atakan-ayhan-hakkimizda-img-300x200.jpg 300w, https:\/\/milarahukuk.com\/wp-content\/uploads\/2025\/02\/atakan-ayhan-hakkimizda-img-1024x683.jpg 1024w, https:\/\/milarahukuk.com\/wp-content\/uploads\/2025\/02\/atakan-ayhan-hakkimizda-img-768x512.jpg 768w, https:\/\/milarahukuk.com\/wp-content\/uploads\/2025\/02\/atakan-ayhan-hakkimizda-img-1536x1024.jpg 1536w, https:\/\/milarahukuk.com\/wp-content\/uploads\/2025\/02\/atakan-ayhan-hakkimizda-img-370x247.jpg 370w, https:\/\/milarahukuk.com\/wp-content\/uploads\/2025\/02\/atakan-ayhan-hakkimizda-img-840x560.jpg 840w, https:\/\/milarahukuk.com\/wp-content\/uploads\/2025\/02\/atakan-ayhan-hakkimizda-img-410x273.jpg 410w\" sizes=\"(max-width: 1920px) 100vw, 1920px\" \/>\t\t\t\t\t\t\t\t\t\t\t\t\t\t\t<\/div>\n\t\t\t\t<\/div>\n\t\t\t\t\t<\/div>\n\t\t<\/div>\n\t\t\t\t<div class=\"elementor-column elementor-col-50 elementor-top-column elementor-element elementor-element-22b1eeb sc_content_align_inherit sc_layouts_column_icons_position_left sc_fly_static\" data-id=\"22b1eeb\" data-element_type=\"column\">\n\t\t\t<div class=\"elementor-widget-wrap elementor-element-populated\">\n\t\t\t\t\t\t<div class=\"elementor-element elementor-element-e1fdb1c sc_fly_static elementor-widget elementor-widget-trx_sc_title\" data-id=\"e1fdb1c\" data-element_type=\"widget\" data-widget_type=\"trx_sc_title.default\">\n\t\t\t\t<div class=\"elementor-widget-container\">\n\t\t\t\t\t<div\t\tclass=\"sc_title sc_title_default\" ><span class=\"sc_item_subtitle sc_title_subtitle sc_item_subtitle_above sc_item_title_style_default\">Qui\u00e9nes somos<\/span><h2 class=\"sc_item_title sc_title_title sc_item_title_style_default sc_item_title_tag\"\n\t\t\t><span class=\"sc_item_title_text\">Abogada Esra Aslan<\/span><\/h2><\/div>\t\t\t\t<\/div>\n\t\t\t\t<\/div>\n\t\t\t\t<div class=\"elementor-element elementor-element-4cad0c7 sc_fly_static elementor-widget elementor-widget-spacer\" data-id=\"4cad0c7\" data-element_type=\"widget\" data-widget_type=\"spacer.default\">\n\t\t\t\t<div class=\"elementor-widget-container\">\n\t\t\t\t\t\t\t<div class=\"elementor-spacer\">\n\t\t\t<div class=\"elementor-spacer-inner\"><\/div>\n\t\t<\/div>\n\t\t\t\t\t\t<\/div>\n\t\t\t\t<\/div>\n\t\t\t\t<div class=\"elementor-element elementor-element-c22a90b sc_fly_static elementor-widget elementor-widget-text-editor\" data-id=\"c22a90b\" data-element_type=\"widget\" data-widget_type=\"text-editor.default\">\n\t\t\t\t<div class=\"elementor-widget-container\">\n\t\t\t\t\t\t\t\t\t<p class=\"\" data-start=\"195\" data-end=\"436\">Somos un bufete de abogados que est\u00e1 a tu lado en tus necesidades jur\u00eddicas, ofreci\u00e9ndote no s\u00f3lo asesoramiento, sino tambi\u00e9n soluciones. Con nuestros abogados, cada uno de ellos experto en su campo, ofrecemos a nuestros clientes un enfoque de servicio tranquilizador, accesible y eficaz. <\/p><p class=\"\" data-start=\"438\" data-end=\"699\">Ya sean particulares o empresas, tratamos los problemas jur\u00eddicos de cada uno de nuestros clientes como un asunto propio y gestionamos el proceso meticulosamente desde el principio hasta el final. Nuestro objetivo no es s\u00f3lo ganar el caso, sino hacer que te sientas jur\u00eddicamente fuerte y seguro. <\/p>\t\t\t\t\t\t\t\t<\/div>\n\t\t\t\t<\/div>\n\t\t\t\t\t<\/div>\n\t\t<\/div>\n\t\t\t\t\t<\/div>\n\t\t<\/section>\n\t\t\t\t<section class=\"elementor-section elementor-top-section elementor-element elementor-element-fabd26e elementor-section-boxed elementor-section-height-default elementor-section-height-default sc_fly_static\" data-id=\"fabd26e\" data-element_type=\"section\" data-settings=\"{&quot;background_background&quot;:&quot;classic&quot;}\">\n\t\t\t\t\t\t\t<div class=\"elementor-background-overlay\"><\/div>\n\t\t\t\t\t\t\t<div class=\"elementor-container elementor-column-gap-extended\">\n\t\t\t\t\t<div class=\"elementor-column elementor-col-100 elementor-top-column elementor-element elementor-element-0fcc728 sc_content_align_inherit sc_layouts_column_icons_position_left sc_fly_static\" data-id=\"0fcc728\" data-element_type=\"column\">\n\t\t\t<div class=\"elementor-widget-wrap elementor-element-populated\">\n\t\t\t\t\t\t<div class=\"elementor-element elementor-element-be6baea sc_height_medium sc_fly_static elementor-widget elementor-widget-spacer\" data-id=\"be6baea\" data-element_type=\"widget\" data-widget_type=\"spacer.default\">\n\t\t\t\t<div class=\"elementor-widget-container\">\n\t\t\t\t\t\t\t<div class=\"elementor-spacer\">\n\t\t\t<div class=\"elementor-spacer-inner\"><\/div>\n\t\t<\/div>\n\t\t\t\t\t\t<\/div>\n\t\t\t\t<\/div>\n\t\t\t\t<div class=\"elementor-element elementor-element-7e1632e sc_fly_static elementor-widget elementor-widget-text-editor\" data-id=\"7e1632e\" data-element_type=\"widget\" data-widget_type=\"text-editor.default\">\n\t\t\t\t<div class=\"elementor-widget-container\">\n\t\t\t\t\t\t\t\t\t<p class=\"\" data-start=\"701\" data-end=\"969\">Desde el Derecho Inmobiliario hasta el Derecho de Seguros, desde el Derecho Laboral hasta el Derecho de Extranjer\u00eda; prestamos servicios en \u00e1reas muy diversas como el Derecho Penal, de Sucesiones, de Ejecuciones y Concursal. Siguiendo de cerca la normativa legal vigente, desarrollamos estrategias para proteger tus derechos en cada paso. <\/p><p class=\"\" data-start=\"971\" data-end=\"1120\">En este camino que emprendemos sin comprometer los principios de confianza, transparencia y profesionalidad, nos esforzamos por ofrecer soluciones especiales y eficaces a cada uno de nuestros clientes.<\/p>\t\t\t\t\t\t\t\t<\/div>\n\t\t\t\t<\/div>\n\t\t\t\t<div class=\"elementor-element elementor-element-528ae58 sc_height_medium sc_fly_static elementor-widget elementor-widget-spacer\" data-id=\"528ae58\" data-element_type=\"widget\" data-widget_type=\"spacer.default\">\n\t\t\t\t<div class=\"elementor-widget-container\">\n\t\t\t\t\t\t\t<div class=\"elementor-spacer\">\n\t\t\t<div class=\"elementor-spacer-inner\"><\/div>\n\t\t<\/div>\n\t\t\t\t\t\t<\/div>\n\t\t\t\t<\/div>\n\t\t\t\t\t<\/div>\n\t\t<\/div>\n\t\t\t\t\t<\/div>\n\t\t<\/section>\n\t\t\t\t<section class=\"elementor-section elementor-top-section elementor-element elementor-element-8845b2a elementor-section-boxed elementor-section-height-default elementor-section-height-default sc_fly_static\" data-id=\"8845b2a\" data-element_type=\"section\">\n\t\t\t\t\t\t<div class=\"elementor-container elementor-column-gap-extended\">\n\t\t\t\t\t<div class=\"elementor-column elementor-col-50 elementor-top-column elementor-element elementor-element-76f5e07 sc_content_align_inherit sc_layouts_column_icons_position_left sc_fly_static\" data-id=\"76f5e07\" data-element_type=\"column\">\n\t\t\t<div class=\"elementor-widget-wrap elementor-element-populated\">\n\t\t\t\t\t\t<div class=\"elementor-element elementor-element-3c0d398 sc_fly_static elementor-widget elementor-widget-text-editor\" data-id=\"3c0d398\" data-element_type=\"widget\" data-widget_type=\"text-editor.default\">\n\t\t\t\t<div class=\"elementor-widget-container\">\n\t\t\t\t\t\t\t\t\t<h3 data-start=\"0\" data-end=\"20\"><strong data-start=\"4\" data-end=\"18\">Nuestra visi\u00f3n<\/strong><\/h3><p data-start=\"21\" data-end=\"416\">Proporcionar los m\u00e1s altos est\u00e1ndares de servicios jur\u00eddicos a nuestros clientes particulares y corporativos a nivel nacional e internacional, bas\u00e1ndonos en el imperio de la ley, los valores \u00e9ticos y un enfoque innovador y orientado a la b\u00fasqueda de soluciones. Ser un bufete de abogados ejemplar en el sector con nuestro personal experto, fiabilidad y \u00e9xito. <\/p>\t\t\t\t\t\t\t\t<\/div>\n\t\t\t\t<\/div>\n\t\t\t\t\t<\/div>\n\t\t<\/div>\n\t\t\t\t<div class=\"elementor-column elementor-col-50 elementor-top-column elementor-element elementor-element-ece8f6e sc_content_align_inherit sc_layouts_column_icons_position_left sc_fly_static\" data-id=\"ece8f6e\" data-element_type=\"column\">\n\t\t\t<div class=\"elementor-widget-wrap elementor-element-populated\">\n\t\t\t\t\t\t<div class=\"elementor-element elementor-element-7218e88 sc_fly_static elementor-widget elementor-widget-text-editor\" data-id=\"7218e88\" data-element_type=\"widget\" data-widget_type=\"text-editor.default\">\n\t\t\t\t<div class=\"elementor-widget-container\">\n\t\t\t\t\t\t\t\t\t<h3 data-start=\"418\" data-end=\"438\"><strong data-start=\"422\" data-end=\"436\">Nuestra misi\u00f3n<\/strong><\/h3><p data-start=\"439\" data-end=\"893\">Desarrollar estrategias espec\u00edficas para cada uno de nuestros clientes analizando con precisi\u00f3n sus necesidades; gestionar los procesos jur\u00eddicos de forma transparente, eficaz y fiable. Contribuir a la protecci\u00f3n de los derechos, la impartici\u00f3n de justicia y el fortalecimiento de la confianza social, siguiendo meticulosamente la legislaci\u00f3n y jurisprudencia vigentes en todos nuestros \u00e1mbitos de actuaci\u00f3n. <\/p>\t\t\t\t\t\t\t\t<\/div>\n\t\t\t\t<\/div>\n\t\t\t\t\t<\/div>\n\t\t<\/div>\n\t\t\t\t\t<\/div>\n\t\t<\/section>\n\t\t\t\t<section class=\"elementor-section elementor-top-section elementor-element elementor-element-605ae27 elementor-section-boxed elementor-section-height-default elementor-section-height-default sc_fly_static\" data-id=\"605ae27\" data-element_type=\"section\">\n\t\t\t\t\t\t<div class=\"elementor-container elementor-column-gap-extended\">\n\t\t\t\t\t<div class=\"elementor-column elementor-col-100 elementor-top-column elementor-element elementor-element-f38cba2 sc_content_align_inherit sc_layouts_column_icons_position_left sc_fly_static\" data-id=\"f38cba2\" data-element_type=\"column\">\n\t\t\t<div class=\"elementor-widget-wrap elementor-element-populated\">\n\t\t\t\t\t\t<div class=\"elementor-element elementor-element-7b2e05e sc_height_large sc_fly_static elementor-widget elementor-widget-spacer\" data-id=\"7b2e05e\" data-element_type=\"widget\" data-widget_type=\"spacer.default\">\n\t\t\t\t<div class=\"elementor-widget-container\">\n\t\t\t\t\t\t\t<div class=\"elementor-spacer\">\n\t\t\t<div class=\"elementor-spacer-inner\"><\/div>\n\t\t<\/div>\n\t\t\t\t\t\t<\/div>\n\t\t\t\t<\/div>\n\t\t\t\t\t<\/div>\n\t\t<\/div>\n\t\t\t\t\t<\/div>\n\t\t<\/section>\n\t\t\t\t<\/div>\n\t\t","protected":false},"excerpt":{"rendered":"Qui\u00e9nes somos Abogada Esra Aslan Somos un bufete de abogados que est\u00e1 a tu lado en tus necesidades jur\u00eddicas, ofreci\u00e9ndote no s\u00f3lo asesoramiento, sino tambi\u00e9n soluciones. Con nuestros abogados, cada&hellip;","protected":false},"author":1,"featured_media":0,"parent":0,"menu_order":0,"comment_status":"closed","ping_status":"closed","template":"","meta":{"footnotes":""},"class_list":["post-22544","page","type-page","status-publish","hentry"],"yoast_head":"<!-- This site is optimized with the Yoast SEO plugin v25.1 - https:\/\/yoast.com\/wordpress\/plugins\/seo\/ -->\n<title>Qui\u00e9nes somos - Milara Hukuk<\/title>\n<meta name=\"robots\" content=\"index, follow, max-snippet:-1, max-image-preview:large, max-video-preview:-1\" \/>\n<link rel=\"canonical\" href=\"https:\/\/milarahukuk.com\/es\/quienes-somos\/\" \/>\n<meta property=\"og:locale\" content=\"es_ES\" \/>\n<meta property=\"og:type\" content=\"article\" \/>\n<meta property=\"og:title\" content=\"Qui\u00e9nes somos - Milara Hukuk\" \/>\n<meta property=\"og:description\" content=\"Qui\u00e9nes somos Abogada Esra Aslan Somos un bufete de abogados que est\u00e1 a tu lado en tus necesidades jur\u00eddicas, ofreci\u00e9ndote no s\u00f3lo asesoramiento, sino tambi\u00e9n soluciones. Con nuestros abogados, cada&hellip;\" \/>\n<meta property=\"og:url\" content=\"https:\/\/milarahukuk.com\/es\/quienes-somos\/\" \/>\n<meta property=\"og:site_name\" content=\"Milara Hukuk\" \/>\n<meta property=\"article:modified_time\" content=\"2025-06-13T11:02:39+00:00\" \/>\n<meta property=\"og:image\" content=\"https:\/\/milarahukuk.com\/wp-content\/uploads\/2025\/02\/atakan-ayhan-hakkimizda-img.jpg\" \/>\n\t<meta property=\"og:image:width\" content=\"1920\" \/>\n\t<meta property=\"og:image:height\" content=\"1280\" \/>\n\t<meta property=\"og:image:type\" content=\"image\/jpeg\" \/>\n<meta name=\"twitter:card\" content=\"summary_large_image\" \/>\n<meta name=\"twitter:label1\" content=\"Tiempo de lectura\" \/>\n\t<meta name=\"twitter:data1\" content=\"2 minutos\" \/>\n<script type=\"application\/ld+json\" class=\"yoast-schema-graph\">{\"@context\":\"https:\/\/schema.org\",\"@graph\":[{\"@type\":\"WebPage\",\"@id\":\"https:\/\/milarahukuk.com\/es\/quienes-somos\/\",\"url\":\"https:\/\/milarahukuk.com\/es\/quienes-somos\/\",\"name\":\"Qui\u00e9nes somos - Milara Hukuk\",\"isPartOf\":{\"@id\":\"https:\/\/milarahukuk.com\/#website\"},\"primaryImageOfPage\":{\"@id\":\"https:\/\/milarahukuk.com\/es\/quienes-somos\/#primaryimage\"},\"image\":{\"@id\":\"https:\/\/milarahukuk.com\/es\/quienes-somos\/#primaryimage\"},\"thumbnailUrl\":\"https:\/\/milarahukuk.com\/wp-content\/uploads\/2025\/02\/atakan-ayhan-hakkimizda-img.jpg\",\"datePublished\":\"2021-07-22T13:20:35+00:00\",\"dateModified\":\"2025-06-13T11:02:39+00:00\",\"breadcrumb\":{\"@id\":\"https:\/\/milarahukuk.com\/es\/quienes-somos\/#breadcrumb\"},\"inLanguage\":\"es\",\"potentialAction\":[{\"@type\":\"ReadAction\",\"target\":[\"https:\/\/milarahukuk.com\/es\/quienes-somos\/\"]}]},{\"@type\":\"ImageObject\",\"inLanguage\":\"es\",\"@id\":\"https:\/\/milarahukuk.com\/es\/quienes-somos\/#primaryimage\",\"url\":\"https:\/\/milarahukuk.com\/wp-content\/uploads\/2025\/02\/atakan-ayhan-hakkimizda-img.jpg\",\"contentUrl\":\"https:\/\/milarahukuk.com\/wp-content\/uploads\/2025\/02\/atakan-ayhan-hakkimizda-img.jpg\"},{\"@type\":\"BreadcrumbList\",\"@id\":\"https:\/\/milarahukuk.com\/es\/quienes-somos\/#breadcrumb\",\"itemListElement\":[{\"@type\":\"ListItem\",\"position\":1,\"name\":\"Anasayfa\",\"item\":\"https:\/\/milarahukuk.com\/es\/pagina-de-inicio\/\"},{\"@type\":\"ListItem\",\"position\":2,\"name\":\"Qui\u00e9nes somos\"}]},{\"@type\":\"WebSite\",\"@id\":\"https:\/\/milarahukuk.com\/#website\",\"url\":\"https:\/\/milarahukuk.com\/\",\"name\":\"Avukat Esra Aslan\",\"description\":\"Edirne Avukat\",\"publisher\":{\"@id\":\"https:\/\/milarahukuk.com\/#organization\"},\"potentialAction\":[{\"@type\":\"SearchAction\",\"target\":{\"@type\":\"EntryPoint\",\"urlTemplate\":\"https:\/\/milarahukuk.com\/?s={search_term_string}\"},\"query-input\":{\"@type\":\"PropertyValueSpecification\",\"valueRequired\":true,\"valueName\":\"search_term_string\"}}],\"inLanguage\":\"es\"},{\"@type\":\"Organization\",\"@id\":\"https:\/\/milarahukuk.com\/#organization\",\"name\":\"Avukat Esra Aslan\",\"url\":\"https:\/\/milarahukuk.com\/\",\"logo\":{\"@type\":\"ImageObject\",\"inLanguage\":\"es\",\"@id\":\"https:\/\/milarahukuk.com\/#\/schema\/logo\/image\/\",\"url\":\"https:\/\/milarahukuk.com\/wp-content\/uploads\/2025\/04\/esra-aslan-logo-1.png\",\"contentUrl\":\"https:\/\/milarahukuk.com\/wp-content\/uploads\/2025\/04\/esra-aslan-logo-1.png\",\"width\":775,\"height\":276,\"caption\":\"Avukat Esra Aslan\"},\"image\":{\"@id\":\"https:\/\/milarahukuk.com\/#\/schema\/logo\/image\/\"}}]}<\/script>\n<!-- \/ Yoast SEO plugin. -->","yoast_head_json":{"title":"Qui\u00e9nes somos - Milara Hukuk","robots":{"index":"index","follow":"follow","max-snippet":"max-snippet:-1","max-image-preview":"max-image-preview:large","max-video-preview":"max-video-preview:-1"},"canonical":"https:\/\/milarahukuk.com\/es\/quienes-somos\/","og_locale":"es_ES","og_type":"article","og_title":"Qui\u00e9nes somos - Milara Hukuk","og_description":"Qui\u00e9nes somos Abogada Esra Aslan Somos un bufete de abogados que est\u00e1 a tu lado en tus necesidades jur\u00eddicas, ofreci\u00e9ndote no s\u00f3lo asesoramiento, sino tambi\u00e9n soluciones. Con nuestros abogados, cada&hellip;","og_url":"https:\/\/milarahukuk.com\/es\/quienes-somos\/","og_site_name":"Milara Hukuk","article_modified_time":"2025-06-13T11:02:39+00:00","og_image":[{"width":1920,"height":1280,"url":"https:\/\/milarahukuk.com\/wp-content\/uploads\/2025\/02\/atakan-ayhan-hakkimizda-img.jpg","type":"image\/jpeg"}],"twitter_card":"summary_large_image","twitter_misc":{"Tiempo de lectura":"2 minutos"},"schema":{"@context":"https:\/\/schema.org","@graph":[{"@type":"WebPage","@id":"https:\/\/milarahukuk.com\/es\/quienes-somos\/","url":"https:\/\/milarahukuk.com\/es\/quienes-somos\/","name":"Qui\u00e9nes somos - Milara Hukuk","isPartOf":{"@id":"https:\/\/milarahukuk.com\/#website"},"primaryImageOfPage":{"@id":"https:\/\/milarahukuk.com\/es\/quienes-somos\/#primaryimage"},"image":{"@id":"https:\/\/milarahukuk.com\/es\/quienes-somos\/#primaryimage"},"thumbnailUrl":"https:\/\/milarahukuk.com\/wp-content\/uploads\/2025\/02\/atakan-ayhan-hakkimizda-img.jpg","datePublished":"2021-07-22T13:20:35+00:00","dateModified":"2025-06-13T11:02:39+00:00","breadcrumb":{"@id":"https:\/\/milarahukuk.com\/es\/quienes-somos\/#breadcrumb"},"inLanguage":"es","potentialAction":[{"@type":"ReadAction","target":["https:\/\/milarahukuk.com\/es\/quienes-somos\/"]}]},{"@type":"ImageObject","inLanguage":"es","@id":"https:\/\/milarahukuk.com\/es\/quienes-somos\/#primaryimage","url":"https:\/\/milarahukuk.com\/wp-content\/uploads\/2025\/02\/atakan-ayhan-hakkimizda-img.jpg","contentUrl":"https:\/\/milarahukuk.com\/wp-content\/uploads\/2025\/02\/atakan-ayhan-hakkimizda-img.jpg"},{"@type":"BreadcrumbList","@id":"https:\/\/milarahukuk.com\/es\/quienes-somos\/#breadcrumb","itemListElement":[{"@type":"ListItem","position":1,"name":"Anasayfa","item":"https:\/\/milarahukuk.com\/es\/pagina-de-inicio\/"},{"@type":"ListItem","position":2,"name":"Qui\u00e9nes somos"}]},{"@type":"WebSite","@id":"https:\/\/milarahukuk.com\/#website","url":"https:\/\/milarahukuk.com\/","name":"Avukat Esra Aslan","description":"Edirne Avukat","publisher":{"@id":"https:\/\/milarahukuk.com\/#organization"},"potentialAction":[{"@type":"SearchAction","target":{"@type":"EntryPoint","urlTemplate":"https:\/\/milarahukuk.com\/?s={search_term_string}"},"query-input":{"@type":"PropertyValueSpecification","valueRequired":true,"valueName":"search_term_string"}}],"inLanguage":"es"},{"@type":"Organization","@id":"https:\/\/milarahukuk.com\/#organization","name":"Avukat Esra Aslan","url":"https:\/\/milarahukuk.com\/","logo":{"@type":"ImageObject","inLanguage":"es","@id":"https:\/\/milarahukuk.com\/#\/schema\/logo\/image\/","url":"https:\/\/milarahukuk.com\/wp-content\/uploads\/2025\/04\/esra-aslan-logo-1.png","contentUrl":"https:\/\/milarahukuk.com\/wp-content\/uploads\/2025\/04\/esra-aslan-logo-1.png","width":775,"height":276,"caption":"Avukat Esra Aslan"},"image":{"@id":"https:\/\/milarahukuk.com\/#\/schema\/logo\/image\/"}}]}},"_links":{"self":[{"href":"https:\/\/milarahukuk.com\/es\/wp-json\/wp\/v2\/pages\/22544","targetHints":{"allow":["GET"]}}],"collection":[{"href":"https:\/\/milarahukuk.com\/es\/wp-json\/wp\/v2\/pages"}],"about":[{"href":"https:\/\/milarahukuk.com\/es\/wp-json\/wp\/v2\/types\/page"}],"author":[{"embeddable":true,"href":"https:\/\/milarahukuk.com\/es\/wp-json\/wp\/v2\/users\/1"}],"replies":[{"embeddable":true,"href":"https:\/\/milarahukuk.com\/es\/wp-json\/wp\/v2\/comments?post=22544"}],"version-history":[{"count":1,"href":"https:\/\/milarahukuk.com\/es\/wp-json\/wp\/v2\/pages\/22544\/revisions"}],"predecessor-version":[{"id":22545,"href":"https:\/\/milarahukuk.com\/es\/wp-json\/wp\/v2\/pages\/22544\/revisions\/22545"}],"wp:attachment":[{"href":"https:\/\/milarahukuk.com\/es\/wp-json\/wp\/v2\/media?parent=22544"}],"curies":[{"name":"wp","href":"https:\/\/api.w.org\/{rel}","templated":true}]}}