{"id":22534,"date":"2025-02-18T08:16:36","date_gmt":"2025-02-18T08:16:36","guid":{"rendered":"https:\/\/milarahukuk.com\/derecho-penal\/"},"modified":"2025-06-13T10:59:43","modified_gmt":"2025-06-13T10:59:43","slug":"derecho-penal","status":"publish","type":"page","link":"https:\/\/milarahukuk.com\/es\/derecho-penal\/","title":{"rendered":"Derecho Penal"},"content":{"rendered":"\t\t<div data-elementor-type=\"wp-page\" data-elementor-id=\"22534\" class=\"elementor elementor-22534 elementor-21232\" data-elementor-post-type=\"page\">\n\t\t\t\t\t\t<section class=\"elementor-section elementor-top-section elementor-element elementor-element-50293ea8 elementor-section-boxed elementor-section-height-default elementor-section-height-default sc_fly_static\" data-id=\"50293ea8\" data-element_type=\"section\">\n\t\t\t\t\t\t<div class=\"elementor-container elementor-column-gap-extended\">\n\t\t\t\t\t<div class=\"elementor-column elementor-col-50 elementor-top-column elementor-element elementor-element-cc3003f sc_content_align_inherit sc_layouts_column_icons_position_left sc_fly_static\" data-id=\"cc3003f\" data-element_type=\"column\">\n\t\t\t<div class=\"elementor-widget-wrap elementor-element-populated\">\n\t\t\t\t\t\t<div class=\"elementor-element elementor-element-6ff47f5 sc_height_large sc_fly_static elementor-widget elementor-widget-spacer\" data-id=\"6ff47f5\" data-element_type=\"widget\" data-widget_type=\"spacer.default\">\n\t\t\t\t<div class=\"elementor-widget-container\">\n\t\t\t\t\t\t\t<div class=\"elementor-spacer\">\n\t\t\t<div class=\"elementor-spacer-inner\"><\/div>\n\t\t<\/div>\n\t\t\t\t\t\t<\/div>\n\t\t\t\t<\/div>\n\t\t\t\t<div class=\"elementor-element elementor-element-2183f3e sc_layouts_hide_on_mobile sc_fly_static elementor-widget elementor-widget-spacer\" data-id=\"2183f3e\" data-element_type=\"widget\" data-widget_type=\"spacer.default\">\n\t\t\t\t<div class=\"elementor-widget-container\">\n\t\t\t\t\t\t\t<div class=\"elementor-spacer\">\n\t\t\t<div class=\"elementor-spacer-inner\"><\/div>\n\t\t<\/div>\n\t\t\t\t\t\t<\/div>\n\t\t\t\t<\/div>\n\t\t\t\t<div class=\"elementor-element elementor-element-284f08f0 sc_fly_static elementor-widget elementor-widget-spacer\" data-id=\"284f08f0\" data-element_type=\"widget\" data-widget_type=\"spacer.default\">\n\t\t\t\t<div class=\"elementor-widget-container\">\n\t\t\t\t\t\t\t<div class=\"elementor-spacer\">\n\t\t\t<div class=\"elementor-spacer-inner\"><\/div>\n\t\t<\/div>\n\t\t\t\t\t\t<\/div>\n\t\t\t\t<\/div>\n\t\t\t\t<div class=\"elementor-element elementor-element-15776c1a sc_fly_static elementor-widget elementor-widget-text-editor\" data-id=\"15776c1a\" data-element_type=\"widget\" data-widget_type=\"text-editor.default\">\n\t\t\t\t<div class=\"elementor-widget-container\">\n\t\t\t\t\t\t\t\t\t<h2 data-start=\"172\" data-end=\"228\">\u00bfQu\u00e9 es el Derecho Penal? Principios b\u00e1sicos y \u00e1mbitos de aplicaci\u00f3n <\/h2><p class=\"\" data-start=\"230\" data-end=\"637\">El Derecho Penal es la rama del Derecho que regula la imposici\u00f3n por el Estado de sanciones penales contra las conductas de individuos o instituciones que alteran el orden social. En otras palabras, es un conjunto de normas que determinan qu\u00e9 acciones se consideran delitos y qu\u00e9 penas se aplicar\u00e1n contra estas acciones. La protecci\u00f3n del orden social es de vital importancia para garantizar los derechos y libertades de las personas.  <\/p><p class=\"\" data-start=\"639\" data-end=\"930\">El derecho penal pretende proteger no s\u00f3lo a los individuos, sino tambi\u00e9n a la sociedad. Porque el comportamiento delictivo afecta no s\u00f3lo a la v\u00edctima, sino tambi\u00e9n al orden p\u00fablico. Por esta raz\u00f3n, el derecho penal se considera dentro del \u00e1mbito del derecho p\u00fablico y la autoridad para imponer sanciones penales pertenece al Estado.  <\/p><h2 class=\"\" data-start=\"932\" data-end=\"985\">Subdivisiones del Derecho Penal: Disposiciones Generales y Especiales<\/h2><p class=\"\" data-start=\"987\" data-end=\"1270\">El Derecho Penal se divide en dos grandes subramas: El <strong data-start=\"1053\" data-end=\"1073\">Derecho Penal<\/strong> <strong data-start=\"1028\" data-end=\"1049\">General<\/strong> y el <strong data-start=\"1053\" data-end=\"1073\">Derecho Penal Especial<\/strong>. El Derecho Penal General abarca conceptos como los elementos de los delitos, los tipos de penas, la responsabilidad penal, la tentativa, la participaci\u00f3n y la culpa. La normativa en este \u00e1mbito se incluye en el primer cuadernillo del C\u00f3digo Penal turco.  <\/p><p class=\"\" data-start=\"1272\" data-end=\"1519\">El Derecho Penal Especial regula la definici\u00f3n de determinados tipos de delitos y las sanciones que deben aplicarse a los mismos. En este \u00e1mbito se examina una amplia gama de actos, como el asesinato, el robo, el fraude, los delitos sexuales, el consumo y la venta de drogas y los delitos de terrorismo. <\/p><p class=\"\" data-start=\"1521\" data-end=\"1787\">Juntos, estos dos campos forman un sistema hol\u00edstico para determinar si un acto es delito o no, y si lo es, c\u00f3mo castigarlo. Especialmente en derecho penal, <strong data-start=\"1689\" data-end=\"1709\">el principio de legalidad<\/strong>, es decir, el principio de que el delito y la pena s\u00f3lo pueden determinarse por ley, es de gran importancia. <\/p><h2 class=\"\" data-start=\"1789\" data-end=\"1833\">\u00bfQu\u00e9 es un delito? Elementos del delito en Derecho Penal <\/h2><p class=\"\" data-start=\"1835\" data-end=\"2032\">Seg\u00fan el Derecho Penal, <strong data-start=\"1854\" data-end=\"1861\">un delito<\/strong> es un acto il\u00edcito y defectuoso que est\u00e1 sujeto a sanci\u00f3n penal. No todo acto es delito; un comportamiento debe tener ciertos elementos para ser considerado delito. <\/p><p class=\"\" data-start=\"2034\" data-end=\"2056\">Estos elementos son:<\/p><ul data-start=\"2058\" data-end=\"2507\"><li class=\"\" data-start=\"2058\" data-end=\"2130\"><p class=\"\" data-start=\"2060\" data-end=\"2130\"><strong data-start=\"2060\" data-end=\"2080\">Elemento de legalidad<\/strong>: El delito debe estar claramente definido en la ley.<\/p><\/li><li class=\"\" data-start=\"2131\" data-end=\"2223\"><p class=\"\" data-start=\"2133\" data-end=\"2223\"><strong data-start=\"2133\" data-end=\"2148\">Elemento material<\/strong>: El acto debe realizarse y debe causar un resultado il\u00edcito.<\/p><\/li><li class=\"\" data-start=\"2224\" data-end=\"2299\"><p class=\"\" data-start=\"2226\" data-end=\"2299\"><strong data-start=\"2226\" data-end=\"2242\">Elemento moral<\/strong>: El autor debe haber actuado con intenci\u00f3n o negligencia.<\/p><\/li><li class=\"\" data-start=\"2300\" data-end=\"2400\"><p class=\"\" data-start=\"2302\" data-end=\"2400\"><strong data-start=\"2302\" data-end=\"2329\">Elemento de ilicitud<\/strong>: El acto no debe ser un comportamiento permitido por el ordenamiento jur\u00eddico.<\/p><\/li><li class=\"\" data-start=\"2401\" data-end=\"2507\"><p class=\"\" data-start=\"2403\" data-end=\"2507\"><strong data-start=\"2403\" data-end=\"2424\">Elemento de culpabilidad<\/strong>: La persona que comete un delito debe estar mentalmente sana y tener capacidad penal.<\/p><\/li><\/ul><p class=\"\" data-start=\"2509\" data-end=\"2657\">Si falta uno de estos elementos, el acto no puede considerarse delito. Por lo tanto, la estrategia de defensa en los casos penales est\u00e1 determinada por estos elementos. <\/p><h2 class=\"\" data-start=\"2659\" data-end=\"2700\">La responsabilidad penal y el concepto de culpa<\/h2><p class=\"\" data-start=\"2702\" data-end=\"2943\">La responsabilidad penal se define como la <strong data-start=\"2767\" data-end=\"2787\">responsabilidad<\/strong> penal de una persona por un acto cometido por ella. Para que surja esta responsabilidad, la persona debe tener la competencia mental para comprender el acto y evaluar sus consecuencias. <\/p><p class=\"\" data-start=\"2945\" data-end=\"3242\">Seg\u00fan el C\u00f3digo Penal turco, los <strong data-start=\"2971\" data-end=\"3005\">ni\u00f1os menores de doce a\u00f1os<\/strong> no tienen responsabilidad penal de ning\u00fan tipo. La madurez mental se investiga en los ni\u00f1os de entre 12 y 15 a\u00f1os. Los <strong data-start=\"3114\" data-end=\"3133\">delitos por negligencia<\/strong> (delitos cometidos por descuido o imprudencia) se eval\u00faan de forma diferente en t\u00e9rminos de responsabilidad penal. <\/p><p class=\"\" data-start=\"3244\" data-end=\"3449\">Adem\u00e1s, si <strong data-start=\"3251\" data-end=\"3268\">la capacidad penal<\/strong> ha desaparecido o disminuido por motivos como una enfermedad mental, la persona no es condenada en absoluto o se reduce la condena. En estos casos, el informe m\u00e9dico forense desempe\u00f1a un papel importante. <\/p><h2 class=\"\" data-start=\"3451\" data-end=\"3490\">El proceso en los tribunales penales<\/h2><p class=\"\" data-start=\"3492\" data-end=\"3757\">El proceso penal consta de dos fases principales: <strong data-start=\"3510\" data-end=\"3524\">investigaci\u00f3n<\/strong> y <strong data-start=\"3528\" data-end=\"3542\">procesamiento<\/strong>. En la fase de investigaci\u00f3n, la fiscal\u00eda re\u00fane pruebas, toma declaraciones y, si hay sospechas suficientes, presenta una demanda. La fase de enjuiciamiento contin\u00faa con las vistas ante el tribunal y desemboca en una sentencia.  <\/p><p class=\"\" data-start=\"3759\" data-end=\"4002\">El derecho a la defensa es un principio fundamental en los procesos penales. La representaci\u00f3n del acusado por un abogado es parte indispensable del principio de un juicio justo. En los casos juzgados en tribunales penales pesados, <strong data-start=\"3951\" data-end=\"3994\">el colegio de abogados<\/strong> designa al acusado <strong data-start=\"3951\" data-end=\"3994\">un defensor (abogado) obligatorio<\/strong>.  <\/p><p class=\"\" data-start=\"4004\" data-end=\"4224\">Factores como la obtenci\u00f3n de pruebas de acuerdo con la ley, la audiencia de testigos, las grabaciones de las c\u00e1maras, los informes periciales, desempe\u00f1an un papel decisivo en la sentencia. La prueba del delito debe realizarse con pruebas concluyentes y convincentes, libres de toda duda. <\/p><h2 class=\"\" data-start=\"4226\" data-end=\"4263\">Tipos de sanciones y formas de aplicaci\u00f3n<\/h2><p class=\"\" data-start=\"4265\" data-end=\"4528\">Las sanciones aplicadas en Derecho Penal se dividen generalmente en dos grupos principales: <strong data-start=\"4311\" data-end=\"4329\">penas de prisi\u00f3n<\/strong> y <strong data-start=\"4333\" data-end=\"4355\">multas judiciales<\/strong>. Tambi\u00e9n puede haber <strong data-start=\"4486\" data-end=\"4504\">sanciones adicionales<\/strong>, como medidas de seguridad, privaci\u00f3n de servicio p\u00fablico, anulaci\u00f3n del permiso de conducir. <\/p><p class=\"\" data-start=\"4530\" data-end=\"4730\"><strong data-start=\"4530\" data-end=\"4548\">Las penas de prisi\u00f3n<\/strong> se dividen en cortas (1 a\u00f1o o menos) y largas (m\u00e1s de 1 a\u00f1o). En algunos casos, las penas de prisi\u00f3n de corta duraci\u00f3n pueden convertirse en libertad condicional o en una multa judicial. <\/p><p class=\"\" data-start=\"4732\" data-end=\"4977\">La <strong data-start=\"4732\" data-end=\"4752\">multa judicial<\/strong> se calcula sobre la base del valor diario determinado en funci\u00f3n de los ingresos del autor. Si no se efect\u00faa el pago, la multa puede convertirse en una pena de prisi\u00f3n. En estos casos, se garantiza la justicia teniendo en cuenta la situaci\u00f3n econ\u00f3mica de la persona.  <\/p><h2 class=\"\" data-start=\"4979\" data-end=\"5061\">Aplazamiento, Aplazamiento del Anuncio de la Sentencia (HAGB) y Libertad Condicional<\/h2><p class=\"\" data-start=\"5063\" data-end=\"5278\">En algunos casos del Derecho Penal turco, el tribunal aplaza la ejecuci\u00f3n de la sentencia aunque la imponga. Uno de estos m\u00e9todos es <strong data-start=\"5180\" data-end=\"5203\">el aplazamiento de la pena<\/strong>. Si el acusado no comete un delito durante un determinado periodo de tiempo, la pena no se aplica en absoluto.  <\/p><p class=\"\" data-start=\"5280\" data-end=\"5527\"><strong data-start=\"5280\" data-end=\"5329\">El HAGB (Suspensi\u00f3n de la Explicaci\u00f3n de la Sentencia)<\/strong> se aplica a las personas que han sido condenadas a 2 a\u00f1os o menos y no tienen antecedentes penales. El acusado permanece bajo supervisi\u00f3n durante 5 a\u00f1os, si no comete ning\u00fan delito durante este periodo, se archiva el caso. En caso contrario, se anuncia la sentencia y comienza el proceso de ejecuci\u00f3n.  <\/p><p class=\"\" data-start=\"5529\" data-end=\"5726\"><strong data-start=\"5529\" data-end=\"5553\">La libertad condicional<\/strong> tiene como objetivo reintegrar al preso en la sociedad sin encarcelarlo. Los presos que se portan especialmente bien pueden pasar el \u00faltimo a\u00f1o de su condena fuera de prisi\u00f3n, bajo ciertas condiciones. <\/p><h2 class=\"\" data-start=\"5728\" data-end=\"5779\">El papel del abogado en el derecho penal y la importancia de la defensa<\/h2><p class=\"\" data-start=\"5781\" data-end=\"6048\">Dado que los procesos penales afectan directamente a la libertad de las personas, el <strong data-start=\"5865\" data-end=\"5917\">papel del abogado defensor penalista es extremadamente cr\u00edtico<\/strong>. El ejercicio efectivo del derecho a la defensa desde el momento de la detenci\u00f3n es una garant\u00eda fundamental del derecho a un juicio justo. <\/p><p class=\"\" data-start=\"6050\" data-end=\"6292\">El abogado utiliza todos los recursos legales que puedan estar a favor del demandado, garantiza la recogida de pruebas, hace escuchar a los testigos, detecta transacciones y objetos il\u00edcitos. Si es necesario, lucha por la justicia acudiendo a tribunales superiores. <\/p><p class=\"\" data-start=\"6294\" data-end=\"6492\">El m\u00e1s m\u00ednimo error en un proceso penal puede tener profundas repercusiones en la vida de una persona. Por eso es importante consultar a un abogado no s\u00f3lo cuando se presenta el caso, sino tambi\u00e9n desde el momento de la denuncia o el testimonio. <\/p>\t\t\t\t\t\t\t\t<\/div>\n\t\t\t\t<\/div>\n\t\t\t\t\t<\/div>\n\t\t<\/div>\n\t\t\t\t<div class=\"elementor-column elementor-col-50 elementor-top-column elementor-element elementor-element-1261167 sc_content_align_inherit sc_layouts_column_icons_position_left sc_fly_static\" data-id=\"1261167\" data-element_type=\"column\">\n\t\t\t<div class=\"elementor-widget-wrap elementor-element-populated\">\n\t\t\t\t\t\t<div class=\"elementor-element elementor-element-e4ebbe3 sc_height_large sc_fly_static elementor-widget elementor-widget-spacer\" data-id=\"e4ebbe3\" data-element_type=\"widget\" data-widget_type=\"spacer.default\">\n\t\t\t\t<div class=\"elementor-widget-container\">\n\t\t\t\t\t\t\t<div class=\"elementor-spacer\">\n\t\t\t<div class=\"elementor-spacer-inner\"><\/div>\n\t\t<\/div>\n\t\t\t\t\t\t<\/div>\n\t\t\t\t<\/div>\n\t\t\t\t<div class=\"elementor-element elementor-element-bd54d4f elementor-nav-menu--dropdown-tablet elementor-nav-menu__text-align-aside elementor-nav-menu--toggle elementor-nav-menu--burger sc_fly_static elementor-widget elementor-widget-nav-menu\" data-id=\"bd54d4f\" data-element_type=\"widget\" data-settings=\"{&quot;layout&quot;:&quot;vertical&quot;,&quot;sticky&quot;:&quot;top&quot;,&quot;sticky_on&quot;:[&quot;desktop&quot;],&quot;sticky_offset&quot;:80,&quot;sticky_parent&quot;:&quot;yes&quot;,&quot;submenu_icon&quot;:{&quot;value&quot;:&quot;&lt;i class=\\&quot;fas fa-caret-down\\&quot;&gt;&lt;\\\/i&gt;&quot;,&quot;library&quot;:&quot;fa-solid&quot;},&quot;toggle&quot;:&quot;burger&quot;,&quot;sticky_effects_offset&quot;:0,&quot;sticky_anchor_link_offset&quot;:0}\" data-widget_type=\"nav-menu.default\">\n\t\t\t\t<div class=\"elementor-widget-container\">\n\t\t\t\t\t\t\t\t<nav aria-label=\"Menu\" class=\"elementor-nav-menu--main elementor-nav-menu__container elementor-nav-menu--layout-vertical e--pointer-underline e--animation-fade\">\n\t\t\t\t<ul id=\"menu-1-bd54d4f\" class=\"elementor-nav-menu sm-vertical\"><li class=\"menu-item menu-item-type-post_type menu-item-object-page menu-item-22661\"><a href=\"https:\/\/milarahukuk.com\/es\/derecho-de-familia\/\" class=\"elementor-item\">Derecho de familia<\/a><\/li><li class=\"menu-item menu-item-type-post_type menu-item-object-page menu-item-22662\"><a href=\"https:\/\/milarahukuk.com\/es\/derecho-penal\/\" class=\"elementor-item\">Derecho Penal<\/a><\/li><li class=\"menu-item menu-item-type-post_type menu-item-object-page menu-item-22663\"><a href=\"https:\/\/milarahukuk.com\/es\/derecho-de-sucesiones\/\" class=\"elementor-item\">Derecho de sucesiones<\/a><\/li><li class=\"menu-item menu-item-type-post_type menu-item-object-page menu-item-22664\"><a href=\"https:\/\/milarahukuk.com\/es\/derecho-de-sociedades\/\" class=\"elementor-item\">Derecho de sociedades<\/a><\/li><li class=\"menu-item menu-item-type-post_type menu-item-object-page menu-item-22665\"><a href=\"https:\/\/milarahukuk.com\/es\/ley-de-extranjeria\/\" class=\"elementor-item\">Ley de Extranjer\u00eda<\/a><\/li><\/ul>\t\t\t<\/nav>\n\t\t\t\t\t<div class=\"elementor-menu-toggle\" role=\"button\" tabindex=\"0\" aria-label=\"Menu Toggle\" aria-expanded=\"false\">\n\t\t\t<i aria-hidden=\"true\" role=\"presentation\" class=\"elementor-menu-toggle__icon--open eicon-menu-bar\"><\/i><i aria-hidden=\"true\" role=\"presentation\" class=\"elementor-menu-toggle__icon--close eicon-close\"><\/i>\t\t<\/div>\n\t\t\t\t\t<nav class=\"elementor-nav-menu--dropdown elementor-nav-menu__container\" aria-hidden=\"true\">\n\t\t\t\t<ul id=\"menu-2-bd54d4f\" class=\"elementor-nav-menu sm-vertical\"><li class=\"menu-item menu-item-type-post_type menu-item-object-page menu-item-22661\"><a href=\"https:\/\/milarahukuk.com\/es\/derecho-de-familia\/\" class=\"elementor-item\" tabindex=\"-1\">Derecho de familia<\/a><\/li><li class=\"menu-item menu-item-type-post_type menu-item-object-page menu-item-22662\"><a href=\"https:\/\/milarahukuk.com\/es\/derecho-penal\/\" class=\"elementor-item\" tabindex=\"-1\">Derecho Penal<\/a><\/li><li class=\"menu-item menu-item-type-post_type menu-item-object-page menu-item-22663\"><a href=\"https:\/\/milarahukuk.com\/es\/derecho-de-sucesiones\/\" class=\"elementor-item\" tabindex=\"-1\">Derecho de sucesiones<\/a><\/li><li class=\"menu-item menu-item-type-post_type menu-item-object-page menu-item-22664\"><a href=\"https:\/\/milarahukuk.com\/es\/derecho-de-sociedades\/\" class=\"elementor-item\" tabindex=\"-1\">Derecho de sociedades<\/a><\/li><li class=\"menu-item menu-item-type-post_type menu-item-object-page menu-item-22665\"><a href=\"https:\/\/milarahukuk.com\/es\/ley-de-extranjeria\/\" class=\"elementor-item\" tabindex=\"-1\">Ley de Extranjer\u00eda<\/a><\/li><\/ul>\t\t\t<\/nav>\n\t\t\t\t\t\t<\/div>\n\t\t\t\t<\/div>\n\t\t\t\t\t<\/div>\n\t\t<\/div>\n\t\t\t\t\t<\/div>\n\t\t<\/section>\n\t\t\t\t<\/div>\n\t\t","protected":false},"excerpt":{"rendered":"\u00bfQu\u00e9 es el Derecho Penal? Principios b\u00e1sicos y \u00e1mbitos de aplicaci\u00f3n El Derecho Penal es la rama del Derecho que regula la imposici\u00f3n por el Estado de sanciones penales contra&hellip;","protected":false},"author":1,"featured_media":0,"parent":0,"menu_order":0,"comment_status":"closed","ping_status":"closed","template":"","meta":{"footnotes":""},"class_list":["post-22534","page","type-page","status-publish","hentry"],"yoast_head":"<!-- This site is optimized with the Yoast SEO plugin v25.1 - https:\/\/yoast.com\/wordpress\/plugins\/seo\/ -->\n<title>Derecho Penal - Abogado penalista Edirne - Milara Hukuk<\/title>\n<meta name=\"description\" content=\"Milara Law est\u00e1 a tu lado para una defensa s\u00f3lida y eficaz en causas penales en Edirne. Apoyo de abogados expertos.\" \/>\n<meta name=\"robots\" content=\"index, follow, max-snippet:-1, max-image-preview:large, max-video-preview:-1\" \/>\n<link rel=\"canonical\" href=\"https:\/\/milarahukuk.com\/es\/derecho-penal\/\" \/>\n<meta property=\"og:locale\" content=\"es_ES\" \/>\n<meta property=\"og:type\" content=\"article\" \/>\n<meta property=\"og:title\" content=\"Derecho Penal - Abogado penalista Edirne - Milara Hukuk\" \/>\n<meta property=\"og:description\" content=\"Milara Law est\u00e1 a tu lado para una defensa s\u00f3lida y eficaz en causas penales en Edirne. Apoyo de abogados expertos.\" \/>\n<meta property=\"og:url\" content=\"https:\/\/milarahukuk.com\/es\/derecho-penal\/\" \/>\n<meta property=\"og:site_name\" content=\"Milara Hukuk\" \/>\n<meta property=\"article:modified_time\" content=\"2025-06-13T10:59:43+00:00\" \/>\n<meta name=\"twitter:card\" content=\"summary_large_image\" \/>\n<meta name=\"twitter:label1\" content=\"Tiempo de lectura\" \/>\n\t<meta name=\"twitter:data1\" content=\"6 minutos\" \/>\n<script type=\"application\/ld+json\" class=\"yoast-schema-graph\">{\"@context\":\"https:\/\/schema.org\",\"@graph\":[{\"@type\":\"WebPage\",\"@id\":\"https:\/\/milarahukuk.com\/es\/derecho-penal\/\",\"url\":\"https:\/\/milarahukuk.com\/es\/derecho-penal\/\",\"name\":\"Derecho Penal - Abogado penalista Edirne - Milara Hukuk\",\"isPartOf\":{\"@id\":\"https:\/\/milarahukuk.com\/#website\"},\"datePublished\":\"2025-02-18T08:16:36+00:00\",\"dateModified\":\"2025-06-13T10:59:43+00:00\",\"description\":\"Milara Law est\u00e1 a tu lado para una defensa s\u00f3lida y eficaz en causas penales en Edirne. Apoyo de abogados expertos.\",\"breadcrumb\":{\"@id\":\"https:\/\/milarahukuk.com\/es\/derecho-penal\/#breadcrumb\"},\"inLanguage\":\"es\",\"potentialAction\":[{\"@type\":\"ReadAction\",\"target\":[\"https:\/\/milarahukuk.com\/es\/derecho-penal\/\"]}]},{\"@type\":\"BreadcrumbList\",\"@id\":\"https:\/\/milarahukuk.com\/es\/derecho-penal\/#breadcrumb\",\"itemListElement\":[{\"@type\":\"ListItem\",\"position\":1,\"name\":\"Anasayfa\",\"item\":\"https:\/\/milarahukuk.com\/es\/pagina-de-inicio\/\"},{\"@type\":\"ListItem\",\"position\":2,\"name\":\"Derecho Penal\"}]},{\"@type\":\"WebSite\",\"@id\":\"https:\/\/milarahukuk.com\/#website\",\"url\":\"https:\/\/milarahukuk.com\/\",\"name\":\"Avukat Esra Aslan\",\"description\":\"Edirne Avukat\",\"publisher\":{\"@id\":\"https:\/\/milarahukuk.com\/#organization\"},\"potentialAction\":[{\"@type\":\"SearchAction\",\"target\":{\"@type\":\"EntryPoint\",\"urlTemplate\":\"https:\/\/milarahukuk.com\/?s={search_term_string}\"},\"query-input\":{\"@type\":\"PropertyValueSpecification\",\"valueRequired\":true,\"valueName\":\"search_term_string\"}}],\"inLanguage\":\"es\"},{\"@type\":\"Organization\",\"@id\":\"https:\/\/milarahukuk.com\/#organization\",\"name\":\"Avukat Esra Aslan\",\"url\":\"https:\/\/milarahukuk.com\/\",\"logo\":{\"@type\":\"ImageObject\",\"inLanguage\":\"es\",\"@id\":\"https:\/\/milarahukuk.com\/#\/schema\/logo\/image\/\",\"url\":\"https:\/\/milarahukuk.com\/wp-content\/uploads\/2025\/04\/esra-aslan-logo-1.png\",\"contentUrl\":\"https:\/\/milarahukuk.com\/wp-content\/uploads\/2025\/04\/esra-aslan-logo-1.png\",\"width\":775,\"height\":276,\"caption\":\"Avukat Esra Aslan\"},\"image\":{\"@id\":\"https:\/\/milarahukuk.com\/#\/schema\/logo\/image\/\"}}]}<\/script>\n<!-- \/ Yoast SEO plugin. -->","yoast_head_json":{"title":"Derecho Penal - Abogado penalista Edirne - Milara Hukuk","description":"Milara Law est\u00e1 a tu lado para una defensa s\u00f3lida y eficaz en causas penales en Edirne. Apoyo de abogados expertos.","robots":{"index":"index","follow":"follow","max-snippet":"max-snippet:-1","max-image-preview":"max-image-preview:large","max-video-preview":"max-video-preview:-1"},"canonical":"https:\/\/milarahukuk.com\/es\/derecho-penal\/","og_locale":"es_ES","og_type":"article","og_title":"Derecho Penal - Abogado penalista Edirne - Milara Hukuk","og_description":"Milara Law est\u00e1 a tu lado para una defensa s\u00f3lida y eficaz en causas penales en Edirne. Apoyo de abogados expertos.","og_url":"https:\/\/milarahukuk.com\/es\/derecho-penal\/","og_site_name":"Milara Hukuk","article_modified_time":"2025-06-13T10:59:43+00:00","twitter_card":"summary_large_image","twitter_misc":{"Tiempo de lectura":"6 minutos"},"schema":{"@context":"https:\/\/schema.org","@graph":[{"@type":"WebPage","@id":"https:\/\/milarahukuk.com\/es\/derecho-penal\/","url":"https:\/\/milarahukuk.com\/es\/derecho-penal\/","name":"Derecho Penal - Abogado penalista Edirne - Milara Hukuk","isPartOf":{"@id":"https:\/\/milarahukuk.com\/#website"},"datePublished":"2025-02-18T08:16:36+00:00","dateModified":"2025-06-13T10:59:43+00:00","description":"Milara Law est\u00e1 a tu lado para una defensa s\u00f3lida y eficaz en causas penales en Edirne. Apoyo de abogados expertos.","breadcrumb":{"@id":"https:\/\/milarahukuk.com\/es\/derecho-penal\/#breadcrumb"},"inLanguage":"es","potentialAction":[{"@type":"ReadAction","target":["https:\/\/milarahukuk.com\/es\/derecho-penal\/"]}]},{"@type":"BreadcrumbList","@id":"https:\/\/milarahukuk.com\/es\/derecho-penal\/#breadcrumb","itemListElement":[{"@type":"ListItem","position":1,"name":"Anasayfa","item":"https:\/\/milarahukuk.com\/es\/pagina-de-inicio\/"},{"@type":"ListItem","position":2,"name":"Derecho Penal"}]},{"@type":"WebSite","@id":"https:\/\/milarahukuk.com\/#website","url":"https:\/\/milarahukuk.com\/","name":"Avukat Esra Aslan","description":"Edirne Avukat","publisher":{"@id":"https:\/\/milarahukuk.com\/#organization"},"potentialAction":[{"@type":"SearchAction","target":{"@type":"EntryPoint","urlTemplate":"https:\/\/milarahukuk.com\/?s={search_term_string}"},"query-input":{"@type":"PropertyValueSpecification","valueRequired":true,"valueName":"search_term_string"}}],"inLanguage":"es"},{"@type":"Organization","@id":"https:\/\/milarahukuk.com\/#organization","name":"Avukat Esra Aslan","url":"https:\/\/milarahukuk.com\/","logo":{"@type":"ImageObject","inLanguage":"es","@id":"https:\/\/milarahukuk.com\/#\/schema\/logo\/image\/","url":"https:\/\/milarahukuk.com\/wp-content\/uploads\/2025\/04\/esra-aslan-logo-1.png","contentUrl":"https:\/\/milarahukuk.com\/wp-content\/uploads\/2025\/04\/esra-aslan-logo-1.png","width":775,"height":276,"caption":"Avukat Esra Aslan"},"image":{"@id":"https:\/\/milarahukuk.com\/#\/schema\/logo\/image\/"}}]}},"_links":{"self":[{"href":"https:\/\/milarahukuk.com\/es\/wp-json\/wp\/v2\/pages\/22534","targetHints":{"allow":["GET"]}}],"collection":[{"href":"https:\/\/milarahukuk.com\/es\/wp-json\/wp\/v2\/pages"}],"about":[{"href":"https:\/\/milarahukuk.com\/es\/wp-json\/wp\/v2\/types\/page"}],"author":[{"embeddable":true,"href":"https:\/\/milarahukuk.com\/es\/wp-json\/wp\/v2\/users\/1"}],"replies":[{"embeddable":true,"href":"https:\/\/milarahukuk.com\/es\/wp-json\/wp\/v2\/comments?post=22534"}],"version-history":[{"count":1,"href":"https:\/\/milarahukuk.com\/es\/wp-json\/wp\/v2\/pages\/22534\/revisions"}],"predecessor-version":[{"id":22535,"href":"https:\/\/milarahukuk.com\/es\/wp-json\/wp\/v2\/pages\/22534\/revisions\/22535"}],"wp:attachment":[{"href":"https:\/\/milarahukuk.com\/es\/wp-json\/wp\/v2\/media?parent=22534"}],"curies":[{"name":"wp","href":"https:\/\/api.w.org\/{rel}","templated":true}]}}