{"id":22509,"date":"2025-04-16T08:58:22","date_gmt":"2025-04-16T08:58:22","guid":{"rendered":"https:\/\/milarahukuk.com\/derecho-de-familia\/"},"modified":"2025-06-13T10:51:26","modified_gmt":"2025-06-13T10:51:26","slug":"derecho-de-familia","status":"publish","type":"page","link":"https:\/\/milarahukuk.com\/es\/derecho-de-familia\/","title":{"rendered":"Derecho de familia"},"content":{"rendered":"\t\t<div data-elementor-type=\"wp-page\" data-elementor-id=\"22509\" class=\"elementor elementor-22509 elementor-21651\" data-elementor-post-type=\"page\">\n\t\t\t\t\t\t<section class=\"elementor-section elementor-top-section elementor-element elementor-element-50293ea8 elementor-section-boxed elementor-section-height-default elementor-section-height-default sc_fly_static\" data-id=\"50293ea8\" data-element_type=\"section\">\n\t\t\t\t\t\t<div class=\"elementor-container elementor-column-gap-extended\">\n\t\t\t\t\t<div class=\"elementor-column elementor-col-50 elementor-top-column elementor-element elementor-element-cc3003f sc_content_align_inherit sc_layouts_column_icons_position_left sc_fly_static\" data-id=\"cc3003f\" data-element_type=\"column\">\n\t\t\t<div class=\"elementor-widget-wrap elementor-element-populated\">\n\t\t\t\t\t\t<div class=\"elementor-element elementor-element-6ff47f5 sc_height_large sc_fly_static elementor-widget elementor-widget-spacer\" data-id=\"6ff47f5\" data-element_type=\"widget\" data-widget_type=\"spacer.default\">\n\t\t\t\t<div class=\"elementor-widget-container\">\n\t\t\t\t\t\t\t<div class=\"elementor-spacer\">\n\t\t\t<div class=\"elementor-spacer-inner\"><\/div>\n\t\t<\/div>\n\t\t\t\t\t\t<\/div>\n\t\t\t\t<\/div>\n\t\t\t\t<div class=\"elementor-element elementor-element-2183f3e sc_layouts_hide_on_mobile sc_fly_static elementor-widget elementor-widget-spacer\" data-id=\"2183f3e\" data-element_type=\"widget\" data-widget_type=\"spacer.default\">\n\t\t\t\t<div class=\"elementor-widget-container\">\n\t\t\t\t\t\t\t<div class=\"elementor-spacer\">\n\t\t\t<div class=\"elementor-spacer-inner\"><\/div>\n\t\t<\/div>\n\t\t\t\t\t\t<\/div>\n\t\t\t\t<\/div>\n\t\t\t\t<div class=\"elementor-element elementor-element-284f08f0 sc_fly_static elementor-widget elementor-widget-spacer\" data-id=\"284f08f0\" data-element_type=\"widget\" data-widget_type=\"spacer.default\">\n\t\t\t\t<div class=\"elementor-widget-container\">\n\t\t\t\t\t\t\t<div class=\"elementor-spacer\">\n\t\t\t<div class=\"elementor-spacer-inner\"><\/div>\n\t\t<\/div>\n\t\t\t\t\t\t<\/div>\n\t\t\t\t<\/div>\n\t\t\t\t<div class=\"elementor-element elementor-element-15776c1a sc_fly_static elementor-widget elementor-widget-text-editor\" data-id=\"15776c1a\" data-element_type=\"widget\" data-widget_type=\"text-editor.default\">\n\t\t\t\t<div class=\"elementor-widget-container\">\n\t\t\t\t\t\t\t\t\t<h2 data-start=\"170\" data-end=\"227\">\u00bfQu\u00e9 es el Derecho de Familia? Perspectiva jur\u00eddica de la estructura b\u00e1sica de la sociedad <\/h2><p class=\"\" data-start=\"229\" data-end=\"582\">El Derecho de Familia es la rama del Derecho que regula las relaciones de los individuos que conciernen directamente a su vida privada, como el matrimonio, el divorcio, la custodia, la pensi\u00f3n alimenticia y la divisi\u00f3n de bienes. El sano establecimiento, continuaci\u00f3n y terminaci\u00f3n de la familia, que es la unidad m\u00e1s peque\u00f1a de la sociedad, es de vital importancia para el beneficio tanto del individuo como de la sociedad. <\/p><p class=\"\" data-start=\"584\" data-end=\"898\">El Derecho de Familia, segundo libro del C\u00f3digo Civil turco, abarca tanto los derechos y obligaciones entre parejas casadas como la protecci\u00f3n de los hijos. Dado que los litigios en este \u00e1mbito suelen ser procesos emocionalmente intensos, son casos que deben abordarse tanto con conocimientos jur\u00eddicos como con sensibilidad. <\/p><h2 class=\"\" data-start=\"900\" data-end=\"932\">Matrimonio y condiciones del matrimonio<\/h2><p class=\"\" data-start=\"934\" data-end=\"1192\">Seg\u00fan el Derecho de Familia, el matrimonio es una uni\u00f3n establecida por un hombre y una mujer mediante un matrimonio civil. Esta uni\u00f3n conlleva derechos y obligaciones mutuos. El contrato matrimonial se considera no s\u00f3lo un contrato social, sino tambi\u00e9n jur\u00eddico.  <\/p><p class=\"\" data-start=\"1194\" data-end=\"1474\">La edad legal para contraer matrimonio en Turqu\u00eda es de 18 a\u00f1os, tanto para hombres como para mujeres. Sin embargo, los j\u00f3venes de 17 a\u00f1os pueden casarse con el permiso de sus padres y los de 16 con la decisi\u00f3n de un juez. Los matrimonios religiosos sin boda oficial no se reconocen como legalmente v\u00e1lidos, lo que debilita los derechos de las partes.  <\/p><p class=\"\" data-start=\"1476\" data-end=\"1665\">Con el matrimonio, comienzan entre los c\u00f3nyuges el r\u00e9gimen patrimonial, la obligaci\u00f3n de vida en com\u00fan y las obligaciones de lealtad y solidaridad. Estas obligaciones tambi\u00e9n tienen importantes consecuencias en caso de disoluci\u00f3n del matrimonio. <\/p><h2 class=\"\" data-start=\"1667\" data-end=\"1705\">Proceso de divorcio y motivos de divorcio<\/h2><p class=\"\" data-start=\"1707\" data-end=\"1886\">En caso de que el matrimonio no pueda mantenerse por diversos motivos, los c\u00f3nyuges pueden poner fin al matrimonio presentando <strong data-start=\"1769\" data-end=\"1787\">una demanda de divorcio<\/strong>. Los casos de divorcio se dividen en impugnados y contenciosos. <\/p><ul data-start=\"1888\" data-end=\"2247\"><li class=\"\" data-start=\"1888\" data-end=\"2072\"><p class=\"\" data-start=\"1890\" data-end=\"2072\">El <strong data-start=\"1890\" data-end=\"1911\">divorcio de mutuo acuerdo<\/strong> es un caso en el que los c\u00f3nyuges est\u00e1n de acuerdo en todas las cuestiones (pensi\u00f3n alimenticia, custodia, divisi\u00f3n de bienes). Es condici\u00f3n indispensable llevar casados al menos 1 a\u00f1o. El caso puede concluirse r\u00e1pidamente.  <\/p><\/li><li class=\"\" data-start=\"2073\" data-end=\"2247\"><p class=\"\" data-start=\"2075\" data-end=\"2247\">El <strong data-start=\"2075\" data-end=\"2096\">divorcio contencioso<\/strong> se presenta en los casos en que existe una disputa entre las partes. En estos casos, el tribunal escucha a los testigos, recoge pruebas y eval\u00faa las demandas de las partes. <\/p><\/li><\/ul><p class=\"\" data-start=\"2249\" data-end=\"2488\">Los motivos de divorcio est\u00e1n regulados como motivos especiales y generales en el C\u00f3digo Civil turco. Adem\u00e1s de los motivos especiales, como el adulterio, la violencia, el abandono o la enfermedad mental, se incluye como motivo general de divorcio la ruptura <strong data-start=\"2406\" data-end=\"2450\">de la uni\u00f3n matrimonial desde sus cimientos<\/strong>. <\/p><h2 class=\"\" data-start=\"2490\" data-end=\"2540\">Los casos de custodia y el principio del inter\u00e9s superior del menor<\/h2><p class=\"\" data-start=\"2542\" data-end=\"2817\">Una de las cuestiones m\u00e1s importantes tras el divorcio <strong data-start=\"2587\" data-end=\"2607\">es la custodia de los hijos<\/strong>. La custodia es el derecho a responsabilizarse del cuidado, educaci\u00f3n, salud y desarrollo del hijo. Los menores de 18 a\u00f1os quedan a cargo de la madre o el padre. El tribunal se basa en <strong data-start=\"2780\" data-end=\"2806\">el inter\u00e9s superior del menor<\/strong> a la hora de tomar una decisi\u00f3n.   <\/p><p class=\"\" data-start=\"2819\" data-end=\"3067\">El derecho de custodia es una responsabilidad integral que no s\u00f3lo tiene que ver con el cuidado f\u00edsico, sino tambi\u00e9n con el desarrollo emocional, social y psicol\u00f3gico del menor. El progenitor custodio tambi\u00e9n debe respetar el derecho del otro progenitor al contacto personal con el menor. <\/p><p class=\"\" data-start=\"3069\" data-end=\"3286\">Las decisiones sobre la custodia no son definitivas. Cuando cambian las circunstancias, la otra parte puede solicitar <strong data-start=\"3138\" data-end=\"3161\">un cambio de custodia<\/strong>. Especialmente situaciones como el abandono del menor, la violencia o la interrupci\u00f3n de la educaci\u00f3n pueden desencadenar este proceso.  <\/p><h2 class=\"\" data-start=\"3288\" data-end=\"3344\">Tipos de pensi\u00f3n alimenticia: Pensi\u00f3n alimenticia cautelar, de pobreza y contributiva<\/h2><p class=\"\" data-start=\"3346\" data-end=\"3499\">La pensi\u00f3n alimenticia es la ayuda econ\u00f3mica que una de las partes proporciona a la otra o al hijo tras el divorcio o la separaci\u00f3n. Hay tres tipos principales de pensi\u00f3n alimenticia en la legislaci\u00f3n turca: <\/p><ul data-start=\"3501\" data-end=\"3896\"><li class=\"\" data-start=\"3501\" data-end=\"3607\"><p class=\"\" data-start=\"3503\" data-end=\"3607\"><strong data-start=\"3503\" data-end=\"3522\">Pensi\u00f3n alimenticia cautelar<\/strong>: Se concede a favor del c\u00f3nyuge o del hijo que necesite ayuda econ\u00f3mica durante el procedimiento de divorcio.<\/p><\/li><li class=\"\" data-start=\"3608\" data-end=\"3750\"><p class=\"\" data-start=\"3610\" data-end=\"3750\"><strong data-start=\"3610\" data-end=\"3632\">Pensi\u00f3n alimenticia de pobreza<\/strong>: Se concede al c\u00f3nyuge que tiene dificultades econ\u00f3micas tras el divorcio para que reciba ayuda del otro c\u00f3nyuge. Suele ser indefinida. <\/p><\/li><li class=\"\" data-start=\"3751\" data-end=\"3896\"><p class=\"\" data-start=\"3753\" data-end=\"3896\"><strong data-start=\"3753\" data-end=\"3773\">Pensi\u00f3n alimenticia de apego<\/strong>: Pensi\u00f3n alimenticia pagada por el progenitor no custodio para cubrir los gastos de cuidado, educaci\u00f3n y salud del hijo.<\/p><\/li><\/ul><p class=\"\" data-start=\"3898\" data-end=\"4147\">Al determinar la cuant\u00eda de la pensi\u00f3n alimenticia, se tienen en cuenta criterios como los ingresos de las partes, el nivel de vida y el n\u00famero de hijos. Las decisiones sobre la pensi\u00f3n alimenticia tambi\u00e9n pueden modificarse. Situaciones como el cambio de ingresos, el matrimonio o el crecimiento de los hijos pueden dar derecho a presentar una nueva demanda.  <\/p><h2 class=\"\" data-start=\"4149\" data-end=\"4179\">R\u00e9gimen de propiedad y reparto de la propiedad<\/h2><p class=\"\" data-start=\"4181\" data-end=\"4475\">Los derechos de los c\u00f3nyuges sobre los bienes adquiridos dentro de la uni\u00f3n matrimonial est\u00e1n determinados por <strong data-start=\"4246\" data-end=\"4260\">el r\u00e9gimen patrimonial<\/strong>. Seg\u00fan el C\u00f3digo Civil turco, el r\u00e9gimen legal de bienes es <strong data-start=\"4321\" data-end=\"4357\">el r\u00e9gimen de participaci\u00f3n en los bienes adquiridos<\/strong>. Seg\u00fan este r\u00e9gimen, los bienes adquiridos durante el matrimonio se consideran comunes y se reparten por mitad tras el divorcio.  <\/p><p class=\"\" data-start=\"4477\" data-end=\"4730\">Sin embargo, los bienes adquiridos antes del matrimonio, los bienes recibidos por donaci\u00f3n y herencia se consideran bienes personales. Si los c\u00f3nyuges lo desean, pueden acordar diferentes reg\u00edmenes patrimoniales como la <strong data-start=\"4633\" data-end=\"4649\">separaci\u00f3n de bienes<\/strong>, <strong data-start=\"4651\" data-end=\"4678\">la separaci\u00f3n de bienes con reparto<\/strong> antes o despu\u00e9s del matrimonio ante notario. <\/p><p class=\"\" data-start=\"4732\" data-end=\"4917\">La divisi\u00f3n de bienes se hace mediante una demanda separada que debe presentarse una vez finalizado el divorcio. En la pr\u00e1ctica, este proceso es la fase jur\u00eddica m\u00e1s cr\u00edtica tras el proceso de divorcio y suele ser contencioso. <\/p><h2 class=\"\" data-start=\"4919\" data-end=\"4974\">El procedimiento judicial en los Juzgados de Familia y el papel del abogado<\/h2><p class=\"\" data-start=\"4976\" data-end=\"5315\">Los casos de derecho de familia se juzgan <strong data-start=\"5008\" data-end=\"5031\">en tribunales de familia<\/strong>. Los jueces asignados a estos tribunales suelen tomar decisiones con el apoyo de trabajadores sociales, pedagogos y psic\u00f3logos. Durante el proceso de sentencia, el juez eval\u00faa no s\u00f3lo las declaraciones de las partes, sino tambi\u00e9n la psicolog\u00eda de los hijos, las condiciones de vida de las partes y las pruebas presentadas.  <\/p><p class=\"\" data-start=\"5317\" data-end=\"5667\">Los casos de derecho de familia son procesos de gran intensidad emocional. Por ello, <strong data-start=\"5477\" data-end=\"5508\">el papel del abogado de derecho de familia<\/strong> es muy importante, tanto para proteger los derechos de las partes como para gestionar el proceso de forma r\u00e1pida y correcta. El abogado no s\u00f3lo proporciona asesoramiento jur\u00eddico, sino que tambi\u00e9n garantiza que se produzcan soluciones constructivas entre las partes, evaluando las v\u00edas de reconciliaci\u00f3n.  <\/p>\t\t\t\t\t\t\t\t<\/div>\n\t\t\t\t<\/div>\n\t\t\t\t\t<\/div>\n\t\t<\/div>\n\t\t\t\t<div class=\"elementor-column elementor-col-50 elementor-top-column elementor-element elementor-element-1261167 sc_content_align_inherit sc_layouts_column_icons_position_left sc_fly_static\" data-id=\"1261167\" data-element_type=\"column\">\n\t\t\t<div class=\"elementor-widget-wrap elementor-element-populated\">\n\t\t\t\t\t\t<div class=\"elementor-element elementor-element-e4ebbe3 sc_height_large sc_fly_static elementor-widget elementor-widget-spacer\" data-id=\"e4ebbe3\" data-element_type=\"widget\" data-widget_type=\"spacer.default\">\n\t\t\t\t<div class=\"elementor-widget-container\">\n\t\t\t\t\t\t\t<div class=\"elementor-spacer\">\n\t\t\t<div class=\"elementor-spacer-inner\"><\/div>\n\t\t<\/div>\n\t\t\t\t\t\t<\/div>\n\t\t\t\t<\/div>\n\t\t\t\t<div class=\"elementor-element elementor-element-bd54d4f elementor-nav-menu--dropdown-tablet elementor-nav-menu__text-align-aside elementor-nav-menu--toggle elementor-nav-menu--burger sc_fly_static elementor-widget elementor-widget-nav-menu\" data-id=\"bd54d4f\" data-element_type=\"widget\" data-settings=\"{&quot;layout&quot;:&quot;vertical&quot;,&quot;sticky&quot;:&quot;top&quot;,&quot;sticky_on&quot;:[&quot;desktop&quot;],&quot;sticky_offset&quot;:80,&quot;sticky_parent&quot;:&quot;yes&quot;,&quot;submenu_icon&quot;:{&quot;value&quot;:&quot;&lt;i class=\\&quot;fas fa-caret-down\\&quot;&gt;&lt;\\\/i&gt;&quot;,&quot;library&quot;:&quot;fa-solid&quot;},&quot;toggle&quot;:&quot;burger&quot;,&quot;sticky_effects_offset&quot;:0,&quot;sticky_anchor_link_offset&quot;:0}\" data-widget_type=\"nav-menu.default\">\n\t\t\t\t<div class=\"elementor-widget-container\">\n\t\t\t\t\t\t\t\t<nav aria-label=\"Menu\" class=\"elementor-nav-menu--main elementor-nav-menu__container elementor-nav-menu--layout-vertical e--pointer-underline e--animation-fade\">\n\t\t\t\t<ul id=\"menu-1-bd54d4f\" class=\"elementor-nav-menu sm-vertical\"><li class=\"menu-item menu-item-type-post_type menu-item-object-page menu-item-22661\"><a href=\"https:\/\/milarahukuk.com\/es\/derecho-de-familia\/\" class=\"elementor-item\">Derecho de familia<\/a><\/li><li class=\"menu-item menu-item-type-post_type menu-item-object-page menu-item-22662\"><a href=\"https:\/\/milarahukuk.com\/es\/derecho-penal\/\" class=\"elementor-item\">Derecho Penal<\/a><\/li><li class=\"menu-item menu-item-type-post_type menu-item-object-page menu-item-22663\"><a href=\"https:\/\/milarahukuk.com\/es\/derecho-de-sucesiones\/\" class=\"elementor-item\">Derecho de sucesiones<\/a><\/li><li class=\"menu-item menu-item-type-post_type menu-item-object-page menu-item-22664\"><a href=\"https:\/\/milarahukuk.com\/es\/derecho-de-sociedades\/\" class=\"elementor-item\">Derecho de sociedades<\/a><\/li><li class=\"menu-item menu-item-type-post_type menu-item-object-page menu-item-22665\"><a href=\"https:\/\/milarahukuk.com\/es\/ley-de-extranjeria\/\" class=\"elementor-item\">Ley de Extranjer\u00eda<\/a><\/li><\/ul>\t\t\t<\/nav>\n\t\t\t\t\t<div class=\"elementor-menu-toggle\" role=\"button\" tabindex=\"0\" aria-label=\"Menu Toggle\" aria-expanded=\"false\">\n\t\t\t<i aria-hidden=\"true\" role=\"presentation\" class=\"elementor-menu-toggle__icon--open eicon-menu-bar\"><\/i><i aria-hidden=\"true\" role=\"presentation\" class=\"elementor-menu-toggle__icon--close eicon-close\"><\/i>\t\t<\/div>\n\t\t\t\t\t<nav class=\"elementor-nav-menu--dropdown elementor-nav-menu__container\" aria-hidden=\"true\">\n\t\t\t\t<ul id=\"menu-2-bd54d4f\" class=\"elementor-nav-menu sm-vertical\"><li class=\"menu-item menu-item-type-post_type menu-item-object-page menu-item-22661\"><a href=\"https:\/\/milarahukuk.com\/es\/derecho-de-familia\/\" class=\"elementor-item\" tabindex=\"-1\">Derecho de familia<\/a><\/li><li class=\"menu-item menu-item-type-post_type menu-item-object-page menu-item-22662\"><a href=\"https:\/\/milarahukuk.com\/es\/derecho-penal\/\" class=\"elementor-item\" tabindex=\"-1\">Derecho Penal<\/a><\/li><li class=\"menu-item menu-item-type-post_type menu-item-object-page menu-item-22663\"><a href=\"https:\/\/milarahukuk.com\/es\/derecho-de-sucesiones\/\" class=\"elementor-item\" tabindex=\"-1\">Derecho de sucesiones<\/a><\/li><li class=\"menu-item menu-item-type-post_type menu-item-object-page menu-item-22664\"><a href=\"https:\/\/milarahukuk.com\/es\/derecho-de-sociedades\/\" class=\"elementor-item\" tabindex=\"-1\">Derecho de sociedades<\/a><\/li><li class=\"menu-item menu-item-type-post_type menu-item-object-page menu-item-22665\"><a href=\"https:\/\/milarahukuk.com\/es\/ley-de-extranjeria\/\" class=\"elementor-item\" tabindex=\"-1\">Ley de Extranjer\u00eda<\/a><\/li><\/ul>\t\t\t<\/nav>\n\t\t\t\t\t\t<\/div>\n\t\t\t\t<\/div>\n\t\t\t\t\t<\/div>\n\t\t<\/div>\n\t\t\t\t\t<\/div>\n\t\t<\/section>\n\t\t\t\t<\/div>\n\t\t","protected":false},"excerpt":{"rendered":"\u00bfQu\u00e9 es el Derecho de Familia? Perspectiva jur\u00eddica de la estructura b\u00e1sica de la sociedad El Derecho de Familia es la rama del Derecho que regula las relaciones de los&hellip;","protected":false},"author":1,"featured_media":0,"parent":0,"menu_order":0,"comment_status":"closed","ping_status":"closed","template":"","meta":{"footnotes":""},"class_list":["post-22509","page","type-page","status-publish","hentry"],"yoast_head":"<!-- This site is optimized with the Yoast SEO plugin v25.1 - https:\/\/yoast.com\/wordpress\/plugins\/seo\/ -->\n<title>Edirne Derecho de familia - Abogado de Derecho de Familia - Milara Law<\/title>\n<meta name=\"description\" content=\"Milara Law presta servicios jur\u00eddicos especializados en casos de derecho de familia, como divorcio, custodia, pensi\u00f3n alimenticia y divisi\u00f3n de bienes en Edirne.\" \/>\n<meta name=\"robots\" content=\"index, follow, max-snippet:-1, max-image-preview:large, max-video-preview:-1\" \/>\n<link rel=\"canonical\" href=\"https:\/\/milarahukuk.com\/es\/derecho-de-familia\/\" \/>\n<meta property=\"og:locale\" content=\"es_ES\" \/>\n<meta property=\"og:type\" content=\"article\" \/>\n<meta property=\"og:title\" content=\"Edirne Derecho de familia - Abogado de Derecho de Familia - Milara Law\" \/>\n<meta property=\"og:description\" content=\"Milara Law presta servicios jur\u00eddicos especializados en casos de derecho de familia, como divorcio, custodia, pensi\u00f3n alimenticia y divisi\u00f3n de bienes en Edirne.\" \/>\n<meta property=\"og:url\" content=\"https:\/\/milarahukuk.com\/es\/derecho-de-familia\/\" \/>\n<meta property=\"og:site_name\" content=\"Milara Hukuk\" \/>\n<meta property=\"article:modified_time\" content=\"2025-06-13T10:51:26+00:00\" \/>\n<meta name=\"twitter:card\" content=\"summary_large_image\" \/>\n<meta name=\"twitter:label1\" content=\"Tiempo de lectura\" \/>\n\t<meta name=\"twitter:data1\" content=\"6 minutos\" \/>\n<script type=\"application\/ld+json\" class=\"yoast-schema-graph\">{\"@context\":\"https:\/\/schema.org\",\"@graph\":[{\"@type\":\"WebPage\",\"@id\":\"https:\/\/milarahukuk.com\/es\/derecho-de-familia\/\",\"url\":\"https:\/\/milarahukuk.com\/es\/derecho-de-familia\/\",\"name\":\"Edirne Derecho de familia - Abogado de Derecho de Familia - Milara Law\",\"isPartOf\":{\"@id\":\"https:\/\/milarahukuk.com\/#website\"},\"datePublished\":\"2025-04-16T08:58:22+00:00\",\"dateModified\":\"2025-06-13T10:51:26+00:00\",\"description\":\"Milara Law presta servicios jur\u00eddicos especializados en casos de derecho de familia, como divorcio, custodia, pensi\u00f3n alimenticia y divisi\u00f3n de bienes en Edirne.\",\"breadcrumb\":{\"@id\":\"https:\/\/milarahukuk.com\/es\/derecho-de-familia\/#breadcrumb\"},\"inLanguage\":\"es\",\"potentialAction\":[{\"@type\":\"ReadAction\",\"target\":[\"https:\/\/milarahukuk.com\/es\/derecho-de-familia\/\"]}]},{\"@type\":\"BreadcrumbList\",\"@id\":\"https:\/\/milarahukuk.com\/es\/derecho-de-familia\/#breadcrumb\",\"itemListElement\":[{\"@type\":\"ListItem\",\"position\":1,\"name\":\"Anasayfa\",\"item\":\"https:\/\/milarahukuk.com\/es\/pagina-de-inicio\/\"},{\"@type\":\"ListItem\",\"position\":2,\"name\":\"Derecho de familia\"}]},{\"@type\":\"WebSite\",\"@id\":\"https:\/\/milarahukuk.com\/#website\",\"url\":\"https:\/\/milarahukuk.com\/\",\"name\":\"Avukat Esra Aslan\",\"description\":\"Edirne Avukat\",\"publisher\":{\"@id\":\"https:\/\/milarahukuk.com\/#organization\"},\"potentialAction\":[{\"@type\":\"SearchAction\",\"target\":{\"@type\":\"EntryPoint\",\"urlTemplate\":\"https:\/\/milarahukuk.com\/?s={search_term_string}\"},\"query-input\":{\"@type\":\"PropertyValueSpecification\",\"valueRequired\":true,\"valueName\":\"search_term_string\"}}],\"inLanguage\":\"es\"},{\"@type\":\"Organization\",\"@id\":\"https:\/\/milarahukuk.com\/#organization\",\"name\":\"Avukat Esra Aslan\",\"url\":\"https:\/\/milarahukuk.com\/\",\"logo\":{\"@type\":\"ImageObject\",\"inLanguage\":\"es\",\"@id\":\"https:\/\/milarahukuk.com\/#\/schema\/logo\/image\/\",\"url\":\"https:\/\/milarahukuk.com\/wp-content\/uploads\/2025\/04\/esra-aslan-logo-1.png\",\"contentUrl\":\"https:\/\/milarahukuk.com\/wp-content\/uploads\/2025\/04\/esra-aslan-logo-1.png\",\"width\":775,\"height\":276,\"caption\":\"Avukat Esra Aslan\"},\"image\":{\"@id\":\"https:\/\/milarahukuk.com\/#\/schema\/logo\/image\/\"}}]}<\/script>\n<!-- \/ Yoast SEO plugin. -->","yoast_head_json":{"title":"Edirne Derecho de familia - Abogado de Derecho de Familia - Milara Law","description":"Milara Law presta servicios jur\u00eddicos especializados en casos de derecho de familia, como divorcio, custodia, pensi\u00f3n alimenticia y divisi\u00f3n de bienes en Edirne.","robots":{"index":"index","follow":"follow","max-snippet":"max-snippet:-1","max-image-preview":"max-image-preview:large","max-video-preview":"max-video-preview:-1"},"canonical":"https:\/\/milarahukuk.com\/es\/derecho-de-familia\/","og_locale":"es_ES","og_type":"article","og_title":"Edirne Derecho de familia - Abogado de Derecho de Familia - Milara Law","og_description":"Milara Law presta servicios jur\u00eddicos especializados en casos de derecho de familia, como divorcio, custodia, pensi\u00f3n alimenticia y divisi\u00f3n de bienes en Edirne.","og_url":"https:\/\/milarahukuk.com\/es\/derecho-de-familia\/","og_site_name":"Milara Hukuk","article_modified_time":"2025-06-13T10:51:26+00:00","twitter_card":"summary_large_image","twitter_misc":{"Tiempo de lectura":"6 minutos"},"schema":{"@context":"https:\/\/schema.org","@graph":[{"@type":"WebPage","@id":"https:\/\/milarahukuk.com\/es\/derecho-de-familia\/","url":"https:\/\/milarahukuk.com\/es\/derecho-de-familia\/","name":"Edirne Derecho de familia - Abogado de Derecho de Familia - Milara Law","isPartOf":{"@id":"https:\/\/milarahukuk.com\/#website"},"datePublished":"2025-04-16T08:58:22+00:00","dateModified":"2025-06-13T10:51:26+00:00","description":"Milara Law presta servicios jur\u00eddicos especializados en casos de derecho de familia, como divorcio, custodia, pensi\u00f3n alimenticia y divisi\u00f3n de bienes en Edirne.","breadcrumb":{"@id":"https:\/\/milarahukuk.com\/es\/derecho-de-familia\/#breadcrumb"},"inLanguage":"es","potentialAction":[{"@type":"ReadAction","target":["https:\/\/milarahukuk.com\/es\/derecho-de-familia\/"]}]},{"@type":"BreadcrumbList","@id":"https:\/\/milarahukuk.com\/es\/derecho-de-familia\/#breadcrumb","itemListElement":[{"@type":"ListItem","position":1,"name":"Anasayfa","item":"https:\/\/milarahukuk.com\/es\/pagina-de-inicio\/"},{"@type":"ListItem","position":2,"name":"Derecho de familia"}]},{"@type":"WebSite","@id":"https:\/\/milarahukuk.com\/#website","url":"https:\/\/milarahukuk.com\/","name":"Avukat Esra Aslan","description":"Edirne Avukat","publisher":{"@id":"https:\/\/milarahukuk.com\/#organization"},"potentialAction":[{"@type":"SearchAction","target":{"@type":"EntryPoint","urlTemplate":"https:\/\/milarahukuk.com\/?s={search_term_string}"},"query-input":{"@type":"PropertyValueSpecification","valueRequired":true,"valueName":"search_term_string"}}],"inLanguage":"es"},{"@type":"Organization","@id":"https:\/\/milarahukuk.com\/#organization","name":"Avukat Esra Aslan","url":"https:\/\/milarahukuk.com\/","logo":{"@type":"ImageObject","inLanguage":"es","@id":"https:\/\/milarahukuk.com\/#\/schema\/logo\/image\/","url":"https:\/\/milarahukuk.com\/wp-content\/uploads\/2025\/04\/esra-aslan-logo-1.png","contentUrl":"https:\/\/milarahukuk.com\/wp-content\/uploads\/2025\/04\/esra-aslan-logo-1.png","width":775,"height":276,"caption":"Avukat Esra Aslan"},"image":{"@id":"https:\/\/milarahukuk.com\/#\/schema\/logo\/image\/"}}]}},"_links":{"self":[{"href":"https:\/\/milarahukuk.com\/es\/wp-json\/wp\/v2\/pages\/22509","targetHints":{"allow":["GET"]}}],"collection":[{"href":"https:\/\/milarahukuk.com\/es\/wp-json\/wp\/v2\/pages"}],"about":[{"href":"https:\/\/milarahukuk.com\/es\/wp-json\/wp\/v2\/types\/page"}],"author":[{"embeddable":true,"href":"https:\/\/milarahukuk.com\/es\/wp-json\/wp\/v2\/users\/1"}],"replies":[{"embeddable":true,"href":"https:\/\/milarahukuk.com\/es\/wp-json\/wp\/v2\/comments?post=22509"}],"version-history":[{"count":1,"href":"https:\/\/milarahukuk.com\/es\/wp-json\/wp\/v2\/pages\/22509\/revisions"}],"predecessor-version":[{"id":22510,"href":"https:\/\/milarahukuk.com\/es\/wp-json\/wp\/v2\/pages\/22509\/revisions\/22510"}],"wp:attachment":[{"href":"https:\/\/milarahukuk.com\/es\/wp-json\/wp\/v2\/media?parent=22509"}],"curies":[{"name":"wp","href":"https:\/\/api.w.org\/{rel}","templated":true}]}}